{"id":16,"date":"2021-01-14T10:55:26","date_gmt":"2021-01-14T10:55:26","guid":{"rendered":"https:\/\/www.didascalies.art\/?page_id=16"},"modified":"2021-01-14T10:55:26","modified_gmt":"2021-01-14T10:55:26","slug":"blog","status":"publish","type":"page","link":"https:\/\/www.didascalies.art\/en\/blog\/","title":{"rendered":"Blog"},"content":{"rendered":"<div class=\"fusion-fullwidth fullwidth-box fusion-builder-row-1 fusion-flex-container nonhundred-percent-fullwidth non-hundred-percent-height-scrolling\" style=\"background-color: rgba(255,255,255,0);background-position: center center;background-repeat: no-repeat;border-width: 0px 0px 0px 0px;border-color:#e2e2e2;border-style:solid;\" ><div class=\"fusion-builder-row fusion-row fusion-flex-align-items-flex-start fusion-flex-justify-content-center\" style=\"max-width:1248px;margin-left: calc(-4% \/ 2 );margin-right: calc(-4% \/ 2 );\"><div class=\"fusion-layout-column fusion_builder_column fusion-builder-column-0 fusion_builder_column_3_4 3_4 fusion-flex-column fusion-animated\" data-animationtype=\"fadeInDown\" data-animationduration=\"1.0\" data-animationoffset=\"top-into-view\"><div class=\"fusion-column-wrapper fusion-flex-justify-content-flex-start fusion-content-layout-column\" style=\"background-position:left top;background-repeat:no-repeat;-webkit-background-size:cover;-moz-background-size:cover;-o-background-size:cover;background-size:cover;padding: 0px 0px 66px 0px;\"><div class=\"fusion-text fusion-text-1\" style=\"text-align:center;font-size:14px;letter-spacing:2px;\"><p><strong>LATEST NEWS FROM THE BUTCHERS BLOCK<\/strong><\/p>\n<\/div><style type=\"text\/css\">@media only screen and (max-width:1024px) {.fusion-title.fusion-title-1{margin-top:0px!important; margin-right:!important;margin-bottom:30px!important;margin-left:!important;}}@media only screen and (max-width:640px) {.fusion-title.fusion-title-1{margin-top:10px!important; margin-right:!important;margin-bottom:10px!important; margin-left:!important;}}<\/style><div class=\"fusion-title title fusion-title-1 fusion-sep-none fusion-title-center fusion-title-text fusion-title-size-two\" style=\"font-size:60px;margin-top:0px;margin-bottom:30px;\"><h2 class=\"title-heading-center\" style=\"margin:0;font-size:1em;line-height:3rem;\">Recent Articles<\/h2><\/div><div class=\"fusion-text fusion-text-2\" style=\"text-align:center;\"><p>Lorem ipsum dolor sit amet, consectetur adipiscing elit. Pellentesque vestibulum aliquam cursus. Mauris molestie aliquam urna. Curabitur nec eleifend risus. Integer eget libero sed elit pharetra ultricies eu in augue.<\/p>\n<\/div><\/div><style type=\"text\/css\">.fusion-body .fusion-builder-column-0{width:75% !important;margin-top : 0px;margin-bottom : 0px;}.fusion-builder-column-0 > .fusion-column-wrapper {padding-top : 0px !important;padding-right : 0px !important;margin-right : 2.56%;padding-bottom : 66px !important;padding-left : 0px !important;margin-left : 2.56%;}@media only screen and (max-width:1024px) {.fusion-body .fusion-builder-column-0{width:75% !important;order : 0;}.fusion-builder-column-0 > .fusion-column-wrapper {margin-right : 2.56%;margin-left : 2.56%;}}@media only screen and (max-width:640px) {.fusion-body .fusion-builder-column-0{width:100% !important;order : 0;}.fusion-builder-column-0 > .fusion-column-wrapper {margin-right : 1.92%;margin-left : 1.92%;}}<\/style><\/div><div class=\"fusion-layout-column fusion_builder_column fusion-builder-column-1 fusion_builder_column_1_1 1_1 fusion-flex-column\"><div class=\"fusion-column-wrapper fusion-flex-justify-content-flex-start fusion-content-layout-column\" style=\"background-position:left top;background-repeat:no-repeat;-webkit-background-size:cover;-moz-background-size:cover;-o-background-size:cover;background-size:cover;padding: 0px 0px 0px 0px;\"><div class=\"fusion-post-cards fusion-post-cards-1 fusion-delayed-animation fusion-grid-archive\" data-animationtype=\"fadeInDown\" data-animationduration=\"1.0\" data-animationoffset=\"top-into-view\" data-animation-delay=\"0.2\"><ul class=\"fusion-grid fusion-grid-3 fusion-flex-align-items-flex-start\"><li class=\"fusion-layout-column fusion_builder_column fusion-builder-column-2 fusion-flex-column post-card fusion-grid-column fusion-post-cards-grid-column fusion-animated\"><div class=\"fusion-column-wrapper fusion-flex-justify-content-flex-start fusion-content-layout-column\" style=\"background-position:left top;background-blend-mode: overlay;background-repeat:no-repeat;-webkit-background-size:cover;-moz-background-size:cover;-o-background-size:cover;background-size:cover;padding: 0px 0px 50px 0px;\"><div ><span class=\"fusion-imageframe imageframe-none imageframe-1 hover-type-none\"><a class=\"fusion-no-lightbox\" href=\"https:\/\/www.didascalies.art\/en\/2021\/10\/25\/canape-laque-polychrome-louis-xvi-provence-18e-siecle\/\" target=\"_self\"><\/a><\/span><\/div><style type=\"text\/css\">@media only screen and (max-width:1024px) {.fusion-title.fusion-title-2{margin-top:40px!important; margin-right:!important;margin-bottom:15px!important;margin-left:!important;}}@media only screen and (max-width:640px) {.fusion-title.fusion-title-2{margin-top:10px!important; margin-right:!important;margin-bottom:10px!important; margin-left:!important;}}.fusion-title.fusion-title-text.fusion-title-2 a{color:#2a2a2a}.fusion-title.fusion-title-text.fusion-title-2 a:hover{color:#dab76c}<\/style><div class=\"fusion-title title fusion-title-2 fusion-sep-none fusion-title-center fusion-title-text fusion-title-size-two\" style=\"font-size:2.1rem;margin-top:40px;margin-bottom:15px;\"><h2 class=\"title-heading-center\" style=\"margin:0;font-size:1em;\"><a href=\"https:\/\/www.didascalies.art\/en\/2021\/10\/25\/canape-laque-polychrome-louis-xvi-provence-18e-siecle\/\" class=\"awb-custom-text-color awb-custom-text-hover-color\" target=\"_self\">Canap\u00e9 laqu\u00e9 polychrome Louis XVI, Provence 18e si\u00e8cle.<\/a><\/h2><\/div><div class=\"fusion-meta-tb fusion-meta-tb-1 floated\" style=\"margin-bottom:23px;min-height:55px;justify-content:center;font-size:13px;\"><span class=\"fusion-tb-published-read-time\">0.5 min read<\/span><span class=\"fusion-meta-tb-sep\"><\/span><span class=\"fusion-tb-published-date\">Published On: 25 October 2021<\/span><span class=\"fusion-meta-tb-sep\"><\/span><\/div><div class=\"fusion-content-tb fusion-content-tb-1\"><p>Beau et \u00e9l\u00e9gant canap\u00e9 laqu\u00e9 polychrome gris perle et filet bleu canard, reposant sur huit pieds rudent\u00e9s. Les d\u00e9s de raccordement sculpt\u00e9s de<\/p><style>.fusion-content-tb-1{text-align:center;}<\/style><\/div><div style=\"text-align:center;\"><style type=\"text\/css\">.fusion-button.button-1 {border-radius:0px;}<\/style><a class=\"fusion-button button-flat fusion-button-default-size button-default button-1 fusion-button-default-span fusion-button-default-type\" target=\"_self\" href=\"https:\/\/www.didascalies.art\/en\/2021\/10\/25\/canape-laque-polychrome-louis-xvi-provence-18e-siecle\/\" style=\"margin-top:20px;\"><span class=\"fusion-button-text\">Read More<\/span><\/a><\/div><\/div><style type=\"text\/css\">.fusion-builder-column-2 > .fusion-column-wrapper {padding-top : 0px !important;padding-right : 0px !important;padding-bottom : 50px !important;padding-left : 0px !important;}<\/style><style type=\"text\/css\">.fusion-builder-column-2{filter: opacity(80%);transition: filter 0.3s ease;}.fusion-builder-column-2:hover{filter: opacity(100%);}<\/style><\/li>\n<li class=\"fusion-layout-column fusion_builder_column fusion-builder-column-3 fusion-flex-column post-card fusion-grid-column fusion-post-cards-grid-column fusion-animated\"><div class=\"fusion-column-wrapper fusion-flex-justify-content-flex-start fusion-content-layout-column\" style=\"background-position:left top;background-blend-mode: overlay;background-repeat:no-repeat;-webkit-background-size:cover;-moz-background-size:cover;-o-background-size:cover;background-size:cover;padding: 0px 0px 50px 0px;\"><div ><span class=\"fusion-imageframe imageframe-none imageframe-2 hover-type-none\"><a class=\"fusion-no-lightbox\" href=\"https:\/\/www.didascalies.art\/en\/2021\/05\/26\/bonjour-tout-le-monde\/\" target=\"_self\"><\/a><\/span><\/div><style type=\"text\/css\">@media only screen and (max-width:1024px) {.fusion-title.fusion-title-3{margin-top:40px!important; margin-right:!important;margin-bottom:15px!important;margin-left:!important;}}@media only screen and (max-width:640px) {.fusion-title.fusion-title-3{margin-top:10px!important; margin-right:!important;margin-bottom:10px!important; margin-left:!important;}}.fusion-title.fusion-title-text.fusion-title-3 a{color:#2a2a2a}.fusion-title.fusion-title-text.fusion-title-3 a:hover{color:#dab76c}<\/style><div class=\"fusion-title title fusion-title-3 fusion-sep-none fusion-title-center fusion-title-text fusion-title-size-two\" style=\"font-size:2.1rem;margin-top:40px;margin-bottom:15px;\"><h2 class=\"title-heading-center\" style=\"margin:0;font-size:1em;\"><a href=\"https:\/\/www.didascalies.art\/en\/2021\/05\/26\/bonjour-tout-le-monde\/\" class=\"awb-custom-text-color awb-custom-text-hover-color\" target=\"_self\">Bonjour tout le monde\u00a0!<\/a><\/h2><\/div><div class=\"fusion-meta-tb fusion-meta-tb-2 floated\" style=\"margin-bottom:23px;min-height:55px;justify-content:center;font-size:13px;\"><span class=\"fusion-tb-published-read-time\">0.1 min read<\/span><span class=\"fusion-meta-tb-sep\"><\/span><span class=\"fusion-tb-published-date\">Published On: 26 May 2021<\/span><span class=\"fusion-meta-tb-sep\"><\/span><\/div><div class=\"fusion-content-tb fusion-content-tb-2\"><p>Bienvenue sur WordPress. Ceci est votre premier article. Modifiez-le ou supprimez-le, puis commencez \u00e0 \u00e9crire\u00a0!<\/p><style>.fusion-content-tb-2{text-align:center;}<\/style><\/div><div style=\"text-align:center;\"><style type=\"text\/css\">.fusion-button.button-2 {border-radius:0px;}<\/style><a class=\"fusion-button button-flat fusion-button-default-size button-default button-2 fusion-button-default-span fusion-button-default-type\" target=\"_self\" href=\"https:\/\/www.didascalies.art\/en\/2021\/05\/26\/bonjour-tout-le-monde\/\" style=\"margin-top:20px;\"><span class=\"fusion-button-text\">Read More<\/span><\/a><\/div><\/div><style type=\"text\/css\">.fusion-builder-column-3 > .fusion-column-wrapper {padding-top : 0px !important;padding-right : 0px !important;padding-bottom : 50px !important;padding-left : 0px !important;}<\/style><style type=\"text\/css\">.fusion-builder-column-3{filter: opacity(80%);transition: filter 0.3s ease;}.fusion-builder-column-3:hover{filter: opacity(100%);}<\/style><\/li>\n<\/ul><\/div><style>.fusion-post-cards.fusion-post-cards-1 ul.fusion-grid{margin-right:calc((40px)\/ -2);margin-left:calc((40px)\/ -2);margin-top:calc((40px)\/ -2);}.fusion-post-cards.fusion-post-cards-1 ul.fusion-grid > .fusion-grid-column{padding-left:calc((40px)\/ 2);padding-right:calc((40px)\/ 2);padding-top:calc((40px)\/ 2);padding-bottom:calc((40px)\/ 2);}.fusion-post-cards.fusion-post-cards-1 ul.fusion-grid > .fusion-grid-column > .fusion-column-inner-bg{margin-left:calc((40px)\/ 2);margin-right:calc((40px)\/ 2);margin-top:calc((40px)\/ 2);margin-bottom:calc((40px)\/ 2);}<\/style><\/div><style type=\"text\/css\">.fusion-body .fusion-builder-column-1{width:100% !important;margin-top : 0px;margin-bottom : 20px;}.fusion-builder-column-1 > .fusion-column-wrapper {padding-top : 0px !important;padding-right : 0px !important;margin-right : 1.92%;padding-bottom : 0px !important;padding-left : 0px !important;margin-left : 1.92%;}@media only screen and (max-width:1024px) {.fusion-body .fusion-builder-column-1{width:100% !important;order : 0;}.fusion-builder-column-1 > .fusion-column-wrapper {margin-right : 1.92%;margin-left : 1.92%;}}@media only screen and (max-width:640px) {.fusion-body .fusion-builder-column-1{width:100% !important;order : 0;}.fusion-builder-column-1 > .fusion-column-wrapper {margin-right : 1.92%;margin-left : 1.92%;}}<\/style><\/div><\/div><style type=\"text\/css\">.fusion-body .fusion-flex-container.fusion-builder-row-1{ padding-top : 90px;margin-top : 0px;padding-right : 0px;padding-bottom : 90px;margin-bottom : 0px;padding-left : 0px;}<\/style><\/div>","protected":false},"excerpt":{"rendered":"","protected":false},"author":1,"featured_media":0,"parent":0,"menu_order":0,"comment_status":"closed","ping_status":"closed","template":"100-width.php","meta":[],"_links":{"self":[{"href":"https:\/\/www.didascalies.art\/en\/wp-json\/wp\/v2\/pages\/16"}],"collection":[{"href":"https:\/\/www.didascalies.art\/en\/wp-json\/wp\/v2\/pages"}],"about":[{"href":"https:\/\/www.didascalies.art\/en\/wp-json\/wp\/v2\/types\/page"}],"author":[{"embeddable":true,"href":"https:\/\/www.didascalies.art\/en\/wp-json\/wp\/v2\/users\/1"}],"replies":[{"embeddable":true,"href":"https:\/\/www.didascalies.art\/en\/wp-json\/wp\/v2\/comments?post=16"}],"version-history":[{"count":0,"href":"https:\/\/www.didascalies.art\/en\/wp-json\/wp\/v2\/pages\/16\/revisions"}],"wp:attachment":[{"href":"https:\/\/www.didascalies.art\/en\/wp-json\/wp\/v2\/media?parent=16"}],"curies":[{"name":"wp","href":"https:\/\/api.w.org\/{rel}","templated":true}]}}