{"id":936,"date":"2021-09-06T10:28:59","date_gmt":"2021-09-06T08:28:59","guid":{"rendered":"https:\/\/www.didascalies.art\/?page_id=936"},"modified":"2022-11-28T16:07:52","modified_gmt":"2022-11-28T15:07:52","slug":"nouveautes","status":"publish","type":"page","link":"https:\/\/www.didascalies.art\/en\/nouveautes\/","title":{"rendered":"New arrivals"},"content":{"rendered":"<p><div class=\"fusion-fullwidth fullwidth-box fusion-builder-row-1 fusion-flex-container fusion-parallax-none hundred-percent-fullwidth non-hundred-percent-height-scrolling lazyload fusion-animated\" style=\"background-color: rgba(255,255,255,0);background-position: center center;background-repeat: no-repeat;border-width: 0px 0px 0px 0px;border-color:#e2e2e2;border-style:solid;-webkit-background-size:cover;-moz-background-size:cover;-o-background-size:cover;background-size:cover;\" data-bg=\"https:\/\/www.didascalies.art\/wp-content\/uploads\/2021\/09\/bandeau-nouveautes.jpg\" data-animationtype=\"fadeInDown\" data-animationduration=\"2.0\" data-animationoffset=\"top-into-view\" ><div class=\"fusion-builder-row fusion-row fusion-flex-align-items-flex-start fusion-flex-justify-content-center\" style=\"width:104% !important;max-width:104% !important;margin-left: calc(-4% \/ 2 );margin-right: calc(-4% \/ 2 );\"><div class=\"fusion-layout-column fusion_builder_column fusion-builder-column-0 fusion_builder_column_1_1 1_1 fusion-flex-column\"><div class=\"fusion-column-wrapper fusion-flex-justify-content-flex-start fusion-content-layout-column\" style=\"background-position:left top;background-repeat:no-repeat;-webkit-background-size:cover;-moz-background-size:cover;-o-background-size:cover;background-size:cover;padding: 70px 0px 70px 0px;\"><style type=\"text\/css\">@media only screen and (max-width:1024px) {.fusion-title.fusion-title-1{margin-top:10px!important; margin-right:!important;margin-bottom:15px!important;margin-left:!important;}}@media only screen and (max-width:640px) {.fusion-title.fusion-title-1{margin-top:10px!important; margin-right:!important;margin-bottom:10px!important; margin-left:!important;}}<\/style><div class=\"fusion-title title fusion-title-1 fusion-sep-none fusion-title-center fusion-title-text fusion-title-size-one\" style=\"font-size:66px;margin-top:10px;margin-bottom:15px;\"><h1 class=\"title-heading-center\" style=\"margin:0;font-size:1em;color:#ffffff;\">New arrivals<\/h1><\/div><\/div><style type=\"text\/css\">.fusion-body .fusion-builder-column-0{width:100% !important;margin-top : 0px;margin-bottom : 0px;}.fusion-builder-column-0 > .fusion-column-wrapper {padding-top : 70px !important;padding-right : 0px !important;margin-right : 1.92%;padding-bottom : 70px !important;padding-left : 0px !important;margin-left : 1.92%;}@media only screen and (max-width:1024px) {.fusion-body .fusion-builder-column-0{width:100% !important;order : 0;}.fusion-builder-column-0 > .fusion-column-wrapper {margin-right : 1.92%;margin-left : 1.92%;}}@media only screen and (max-width:640px) {.fusion-body .fusion-builder-column-0{width:100% !important;order : 0;}.fusion-builder-column-0 > .fusion-column-wrapper {margin-right : 1.92%;margin-left : 1.92%;}}<\/style><\/div><\/div><style type=\"text\/css\">.fusion-body .fusion-flex-container.fusion-builder-row-1{ padding-top : 0px;margin-top : 0;padding-right : 0px;padding-bottom : 0px;margin-bottom : 60px;padding-left : 0px;}<\/style><\/div><div class=\"fusion-fullwidth fullwidth-box fusion-builder-row-2 fusion-flex-container nonhundred-percent-fullwidth non-hundred-percent-height-scrolling\" style=\"background-color: rgba(255,255,255,0);background-position: center center;background-repeat: no-repeat;border-width: 0px 0px 0px 0px;border-color:#e2e2e2;border-style:solid;\" ><div class=\"fusion-builder-row fusion-row fusion-flex-align-items-flex-start\" style=\"max-width:1248px;margin-left: calc(-4% \/ 2 );margin-right: calc(-4% \/ 2 );\"><div class=\"fusion-layout-column fusion_builder_column fusion-builder-column-1 fusion_builder_column_1_1 1_1 fusion-flex-column\"><div class=\"fusion-column-wrapper fusion-flex-justify-content-flex-start fusion-content-layout-column\" style=\"background-position:left top;background-repeat:no-repeat;-webkit-background-size:cover;-moz-background-size:cover;-o-background-size:cover;background-size:cover;padding: 0px 0px 0px 0px;\"><div class=\"fusion-woo-product-grid fusion-product-archive fusion-woo-product-grid-1\"><ul class=\"products products-4\"><li class=\"product type-product post-3067 status-publish first instock product_cat-nouveautes product_cat-objet-dart product_cat-xixe-siecle product_tag-boite product_tag-charles-x product_tag-ivoire product_tag-xixe-siecle has-post-thumbnail shipping-taxable purchasable product-type-simple product-grid-view\">\n\t<div class=\"fusion-product-wrapper\">\n<div class=\"fusion-clean-product-image-wrapper\">\n\t<div  class=\"fusion-image-wrapper fusion-image-size-fixed\" aria-haspopup=\"true\">\n\t\t\t\t  \t\t\t<a href=\"https:\/\/www.didascalies.art\/en\/product\/boite-charles-x\/\" aria-label=\"Boite \u00e0 ouvrage en ivoire, \u00e9poque Charles X\">\n\t\t\t\t\t\t\t<img width=\"500\" height=\"750\" src=\"https:\/\/www.didascalies.art\/wp-content\/uploads\/2024\/05\/Boite-ivoire-6-500x750.jpg\" class=\"attachment-shop_catalog size-shop_catalog lazyload wp-post-image\" alt=\"\" srcset=\"data:image\/svg+xml,%3Csvg%20xmlns%3D%27http%3A%2F%2Fwww.w3.org%2F2000%2Fsvg%27%20width%3D%27800%27%20height%3D%271200%27%20viewBox%3D%270%200%20800%201200%27%3E%3Crect%20width%3D%27800%27%20height%3D%271200%27%20fill-opacity%3D%220%22%2F%3E%3C%2Fsvg%3E\" data-orig-src=\"https:\/\/www.didascalies.art\/wp-content\/uploads\/2024\/05\/Boite-ivoire-6-500x750.jpg\" data-srcset=\"https:\/\/www.didascalies.art\/wp-content\/uploads\/2024\/05\/Boite-ivoire-6-8x12.jpg 8w, https:\/\/www.didascalies.art\/wp-content\/uploads\/2024\/05\/Boite-ivoire-6-200x300.jpg 200w, https:\/\/www.didascalies.art\/wp-content\/uploads\/2024\/05\/Boite-ivoire-6-400x600.jpg 400w, https:\/\/www.didascalies.art\/wp-content\/uploads\/2024\/05\/Boite-ivoire-6-500x750.jpg 500w, https:\/\/www.didascalies.art\/wp-content\/uploads\/2024\/05\/Boite-ivoire-6-600x900.jpg 600w, https:\/\/www.didascalies.art\/wp-content\/uploads\/2024\/05\/Boite-ivoire-6-683x1024.jpg 683w, https:\/\/www.didascalies.art\/wp-content\/uploads\/2024\/05\/Boite-ivoire-6-700x1050.jpg 700w, https:\/\/www.didascalies.art\/wp-content\/uploads\/2024\/05\/Boite-ivoire-6-768x1152.jpg 768w, https:\/\/www.didascalies.art\/wp-content\/uploads\/2024\/05\/Boite-ivoire-6.jpg 800w\" data-sizes=\"auto\" \/>\t\t\t<\/a>\n\t\t\t\t\t\t\t\t<\/div>\n<\/div>\n<div class=\"fusion-product-content\">\n\t<div class=\"product-details\">\n\t\t<div class=\"product-details-container\">\n<h3 class=\"product-title\">\n\t<a href=\"https:\/\/www.didascalies.art\/en\/product\/boite-charles-x\/\">\n\t\tBoite \u00e0 ouvrage en ivoire, \u00e9poque Charles X\t<\/a>\n<\/h3>\n<div class=\"fusion-price-rating\">\n\t\t<\/div>\n\t<\/div>\n<\/div>\n\n\t<\/div> \n\n\n<\/div>\n<\/li>\n<li class=\"product type-product post-2838 status-publish instock product_cat-elements-de-decoration product_cat-mobilier product_cat-nouveautes product_cat-xviiie-siecle product_tag-aix-en-provence product_tag-miroir product_tag-parecloses product_tag-provence product_tag-xviiie-siecle has-post-thumbnail shipping-taxable purchasable product-type-simple product-grid-view\">\n\t<div class=\"fusion-product-wrapper\">\n<div class=\"fusion-clean-product-image-wrapper\">\n\t<div  class=\"fusion-image-wrapper fusion-image-size-fixed\" aria-haspopup=\"true\">\n\t\t\t\t  \t\t\t<a href=\"https:\/\/www.didascalies.art\/en\/product\/miroir-prov-parecloses\/\" aria-label=\"Important miroir proven\u00e7al \u00e0 parecloses, \u00e9poque Louis XV\">\n\t\t\t\t\t\t\t<img width=\"500\" height=\"760\" src=\"https:\/\/www.didascalies.art\/wp-content\/uploads\/2023\/08\/IMG_1947-500x760.jpeg\" class=\"attachment-shop_catalog size-shop_catalog lazyload wp-post-image\" alt=\"\" srcset=\"data:image\/svg+xml,%3Csvg%20xmlns%3D%27http%3A%2F%2Fwww.w3.org%2F2000%2Fsvg%27%20width%3D%27918%27%20height%3D%271396%27%20viewBox%3D%270%200%20918%201396%27%3E%3Crect%20width%3D%27918%27%20height%3D%271396%27%20fill-opacity%3D%220%22%2F%3E%3C%2Fsvg%3E\" data-orig-src=\"https:\/\/www.didascalies.art\/wp-content\/uploads\/2023\/08\/IMG_1947-500x760.jpeg\" data-srcset=\"https:\/\/www.didascalies.art\/wp-content\/uploads\/2023\/08\/IMG_1947-8x12.jpeg 8w, https:\/\/www.didascalies.art\/wp-content\/uploads\/2023\/08\/IMG_1947-197x300.jpeg 197w, https:\/\/www.didascalies.art\/wp-content\/uploads\/2023\/08\/IMG_1947-200x304.jpeg 200w, https:\/\/www.didascalies.art\/wp-content\/uploads\/2023\/08\/IMG_1947-400x608.jpeg 400w, https:\/\/www.didascalies.art\/wp-content\/uploads\/2023\/08\/IMG_1947-500x760.jpeg 500w, https:\/\/www.didascalies.art\/wp-content\/uploads\/2023\/08\/IMG_1947-600x912.jpeg 600w, https:\/\/www.didascalies.art\/wp-content\/uploads\/2023\/08\/IMG_1947-673x1024.jpeg 673w, https:\/\/www.didascalies.art\/wp-content\/uploads\/2023\/08\/IMG_1947-700x1064.jpeg 700w, https:\/\/www.didascalies.art\/wp-content\/uploads\/2023\/08\/IMG_1947-768x1168.jpeg 768w, https:\/\/www.didascalies.art\/wp-content\/uploads\/2023\/08\/IMG_1947-800x1217.jpeg 800w, https:\/\/www.didascalies.art\/wp-content\/uploads\/2023\/08\/IMG_1947.jpeg 918w\" data-sizes=\"auto\" \/>\t\t\t<\/a>\n\t\t\t\t\t\t\t\t<\/div>\n<\/div>\n<div class=\"fusion-product-content\">\n\t<div class=\"product-details\">\n\t\t<div class=\"product-details-container\">\n<h3 class=\"product-title\">\n\t<a href=\"https:\/\/www.didascalies.art\/en\/product\/miroir-prov-parecloses\/\">\n\t\tImportant miroir proven\u00e7al \u00e0 parecloses, \u00e9poque Louis XV\t<\/a>\n<\/h3>\n<div class=\"fusion-price-rating\">\n\t\t<\/div>\n\t<\/div>\n<\/div>\n\n\t<\/div> \n\n\n<\/div>\n<\/li>\n<li class=\"product type-product post-2884 status-publish instock product_cat-nouveautes product_cat-dessins product_cat-xviiie-siecle product_tag-peinture-hollandaise product_tag-wouwermans has-post-thumbnail shipping-taxable purchasable product-type-simple product-grid-view\">\n\t<div class=\"fusion-product-wrapper\">\n<div class=\"fusion-clean-product-image-wrapper\">\n\t<div  class=\"fusion-image-wrapper fusion-image-size-fixed\" aria-haspopup=\"true\">\n\t\t\t\t  \t\t\t<a href=\"https:\/\/www.didascalies.art\/en\/product\/halte-militaire\/\" aria-label=\"Jan van der Vinne (attr. \u00e0), \u00e9cole hollandaise du XVIIIe si\u00e8cle, Halte militaire\">\n\t\t\t\t\t\t\t<img width=\"500\" height=\"324\" src=\"https:\/\/www.didascalies.art\/wp-content\/uploads\/2023\/08\/Capture-decran-629-500x324.png\" class=\"attachment-shop_catalog size-shop_catalog lazyload wp-post-image\" alt=\"\" srcset=\"data:image\/svg+xml,%3Csvg%20xmlns%3D%27http%3A%2F%2Fwww.w3.org%2F2000%2Fsvg%27%20width%3D%271489%27%20height%3D%27964%27%20viewBox%3D%270%200%201489%20964%27%3E%3Crect%20width%3D%271489%27%20height%3D%27964%27%20fill-opacity%3D%220%22%2F%3E%3C%2Fsvg%3E\" data-orig-src=\"https:\/\/www.didascalies.art\/wp-content\/uploads\/2023\/08\/Capture-decran-629-500x324.png\" data-srcset=\"https:\/\/www.didascalies.art\/wp-content\/uploads\/2023\/08\/Capture-decran-629-18x12.png 18w, https:\/\/www.didascalies.art\/wp-content\/uploads\/2023\/08\/Capture-decran-629-200x129.png 200w, https:\/\/www.didascalies.art\/wp-content\/uploads\/2023\/08\/Capture-decran-629-300x194.png 300w, https:\/\/www.didascalies.art\/wp-content\/uploads\/2023\/08\/Capture-decran-629-400x259.png 400w, https:\/\/www.didascalies.art\/wp-content\/uploads\/2023\/08\/Capture-decran-629-500x324.png 500w, https:\/\/www.didascalies.art\/wp-content\/uploads\/2023\/08\/Capture-decran-629-600x388.png 600w, https:\/\/www.didascalies.art\/wp-content\/uploads\/2023\/08\/Capture-decran-629-700x453.png 700w, https:\/\/www.didascalies.art\/wp-content\/uploads\/2023\/08\/Capture-decran-629-768x497.png 768w, https:\/\/www.didascalies.art\/wp-content\/uploads\/2023\/08\/Capture-decran-629-800x518.png 800w, https:\/\/www.didascalies.art\/wp-content\/uploads\/2023\/08\/Capture-decran-629-1024x663.png 1024w, https:\/\/www.didascalies.art\/wp-content\/uploads\/2023\/08\/Capture-decran-629-1200x777.png 1200w, https:\/\/www.didascalies.art\/wp-content\/uploads\/2023\/08\/Capture-decran-629.png 1489w\" data-sizes=\"auto\" \/>\t\t\t<\/a>\n\t\t\t\t\t\t\t\t<\/div>\n<\/div>\n<div class=\"fusion-product-content\">\n\t<div class=\"product-details\">\n\t\t<div class=\"product-details-container\">\n<h3 class=\"product-title\">\n\t<a href=\"https:\/\/www.didascalies.art\/en\/product\/halte-militaire\/\">\n\t\tJan van der Vinne (attr. \u00e0), \u00e9cole hollandaise du XVIIIe si\u00e8cle, Halte militaire\t<\/a>\n<\/h3>\n<div class=\"fusion-price-rating\">\n\t\t<\/div>\n\t<\/div>\n<\/div>\n\n\t<\/div> \n\n\n<\/div>\n<\/li>\n<li class=\"product type-product post-3132 status-publish last instock product_cat-nouveautes product_cat-objet-dart product_cat-xviiie-siecle product_tag-bronze product_tag-xviiie-siecle has-post-thumbnail shipping-taxable purchasable product-type-simple product-grid-view\">\n\t<div class=\"fusion-product-wrapper\">\n<div class=\"fusion-clean-product-image-wrapper\">\n\t<div  class=\"fusion-image-wrapper fusion-image-size-fixed\" aria-haspopup=\"true\">\n\t\t\t\t  \t\t\t<a href=\"https:\/\/www.didascalies.art\/en\/product\/sculptures-bronze\/\" aria-label=\"Paire de sculptures en bronze, XVIIIe si\u00e8cle\">\n\t\t\t\t\t\t\t<img width=\"500\" height=\"750\" src=\"https:\/\/www.didascalies.art\/wp-content\/uploads\/2024\/05\/1314948-main-6613ea5bc179f-500x750.jpg\" class=\"attachment-shop_catalog size-shop_catalog lazyload wp-post-image\" alt=\"\" srcset=\"data:image\/svg+xml,%3Csvg%20xmlns%3D%27http%3A%2F%2Fwww.w3.org%2F2000%2Fsvg%27%20width%3D%27800%27%20height%3D%271200%27%20viewBox%3D%270%200%20800%201200%27%3E%3Crect%20width%3D%27800%27%20height%3D%271200%27%20fill-opacity%3D%220%22%2F%3E%3C%2Fsvg%3E\" data-orig-src=\"https:\/\/www.didascalies.art\/wp-content\/uploads\/2024\/05\/1314948-main-6613ea5bc179f-500x750.jpg\" data-srcset=\"https:\/\/www.didascalies.art\/wp-content\/uploads\/2024\/05\/1314948-main-6613ea5bc179f-8x12.jpg 8w, https:\/\/www.didascalies.art\/wp-content\/uploads\/2024\/05\/1314948-main-6613ea5bc179f-200x300.jpg 200w, https:\/\/www.didascalies.art\/wp-content\/uploads\/2024\/05\/1314948-main-6613ea5bc179f-400x600.jpg 400w, https:\/\/www.didascalies.art\/wp-content\/uploads\/2024\/05\/1314948-main-6613ea5bc179f-500x750.jpg 500w, https:\/\/www.didascalies.art\/wp-content\/uploads\/2024\/05\/1314948-main-6613ea5bc179f-600x900.jpg 600w, https:\/\/www.didascalies.art\/wp-content\/uploads\/2024\/05\/1314948-main-6613ea5bc179f-683x1024.jpg 683w, https:\/\/www.didascalies.art\/wp-content\/uploads\/2024\/05\/1314948-main-6613ea5bc179f-700x1050.jpg 700w, https:\/\/www.didascalies.art\/wp-content\/uploads\/2024\/05\/1314948-main-6613ea5bc179f-768x1152.jpg 768w, https:\/\/www.didascalies.art\/wp-content\/uploads\/2024\/05\/1314948-main-6613ea5bc179f.jpg 800w\" data-sizes=\"auto\" \/>\t\t\t<\/a>\n\t\t\t\t\t\t\t\t<\/div>\n<\/div>\n<div class=\"fusion-product-content\">\n\t<div class=\"product-details\">\n\t\t<div class=\"product-details-container\">\n<h3 class=\"product-title\">\n\t<a href=\"https:\/\/www.didascalies.art\/en\/product\/sculptures-bronze\/\">\n\t\tPaire de sculptures en bronze, XVIIIe si\u00e8cle\t<\/a>\n<\/h3>\n<div class=\"fusion-price-rating\">\n\t\t<\/div>\n\t<\/div>\n<\/div>\n\n\t<\/div> \n\n\n<\/div>\n<\/li>\n<li class=\"product type-product post-3042 status-publish first instock product_cat-nouveautes product_cat-xviiie-siecle product_tag-marine product_tag-paysage product_tag-port has-post-thumbnail shipping-taxable purchasable product-type-simple product-grid-view\">\n\t<div class=\"fusion-product-wrapper\">\n<div class=\"fusion-clean-product-image-wrapper\">\n\t<div  class=\"fusion-image-wrapper fusion-image-size-fixed\" aria-haspopup=\"true\">\n\t\t\t\t  \t\t\t<a href=\"https:\/\/www.didascalies.art\/en\/product\/scene-port\/\" aria-label=\"Sc\u00e8ne anim\u00e9e dans un port, \u00e9cole italienne du 18e s.\">\n\t\t\t\t\t\t\t<img width=\"500\" height=\"358\" src=\"https:\/\/www.didascalies.art\/wp-content\/uploads\/2024\/05\/IMG_0421-1-500x358.jpeg\" class=\"attachment-shop_catalog size-shop_catalog lazyload wp-post-image\" alt=\"\" srcset=\"data:image\/svg+xml,%3Csvg%20xmlns%3D%27http%3A%2F%2Fwww.w3.org%2F2000%2Fsvg%27%20width%3D%27941%27%20height%3D%27673%27%20viewBox%3D%270%200%20941%20673%27%3E%3Crect%20width%3D%27941%27%20height%3D%27673%27%20fill-opacity%3D%220%22%2F%3E%3C%2Fsvg%3E\" data-orig-src=\"https:\/\/www.didascalies.art\/wp-content\/uploads\/2024\/05\/IMG_0421-1-500x358.jpeg\" data-srcset=\"https:\/\/www.didascalies.art\/wp-content\/uploads\/2024\/05\/IMG_0421-1-18x12.jpeg 18w, https:\/\/www.didascalies.art\/wp-content\/uploads\/2024\/05\/IMG_0421-1-200x143.jpeg 200w, https:\/\/www.didascalies.art\/wp-content\/uploads\/2024\/05\/IMG_0421-1-300x214.jpeg 300w, https:\/\/www.didascalies.art\/wp-content\/uploads\/2024\/05\/IMG_0421-1-400x286.jpeg 400w, https:\/\/www.didascalies.art\/wp-content\/uploads\/2024\/05\/IMG_0421-1-500x358.jpeg 500w, https:\/\/www.didascalies.art\/wp-content\/uploads\/2024\/05\/IMG_0421-1-600x429.jpeg 600w, https:\/\/www.didascalies.art\/wp-content\/uploads\/2024\/05\/IMG_0421-1-700x501.jpeg 700w, https:\/\/www.didascalies.art\/wp-content\/uploads\/2024\/05\/IMG_0421-1-768x549.jpeg 768w, https:\/\/www.didascalies.art\/wp-content\/uploads\/2024\/05\/IMG_0421-1-800x572.jpeg 800w, https:\/\/www.didascalies.art\/wp-content\/uploads\/2024\/05\/IMG_0421-1.jpeg 941w\" data-sizes=\"auto\" \/>\t\t\t<\/a>\n\t\t\t\t\t\t\t\t<\/div>\n<\/div>\n<div class=\"fusion-product-content\">\n\t<div class=\"product-details\">\n\t\t<div class=\"product-details-container\">\n<h3 class=\"product-title\">\n\t<a href=\"https:\/\/www.didascalies.art\/en\/product\/scene-port\/\">\n\t\tSc\u00e8ne anim\u00e9e dans un port, \u00e9cole italienne du 18e s.\t<\/a>\n<\/h3>\n<div class=\"fusion-price-rating\">\n\t\t<\/div>\n\t<\/div>\n<\/div>\n\n\t<\/div> \n\n\n<\/div>\n<\/li>\n<\/ul><div class=\"fusion-woo-product-grid-pagination fusion-clearfix\"><\/div><\/div><style>.fusion-woo-product-grid.fusion-woo-product-grid-1.fusion-woo-product-grid-spacing-off .product .product-buttons{padding-top:0;}.fusion-woo-product-grid.fusion-woo-product-grid-1.fusion-woo-product-grid-spacing-off .product-details-container{min-height:0;}<\/style><\/div><style type=\"text\/css\">.fusion-body .fusion-builder-column-1{width:100% !important;margin-top : 0px;margin-bottom : 20px;}.fusion-builder-column-1 > .fusion-column-wrapper {padding-top : 0px !important;padding-right : 0px !important;margin-right : 1.92%;padding-bottom : 0px !important;padding-left : 0px !important;margin-left : 1.92%;}@media only screen and (max-width:1024px) {.fusion-body .fusion-builder-column-1{width:100% !important;order : 0;}.fusion-builder-column-1 > .fusion-column-wrapper {margin-right : 1.92%;margin-left : 1.92%;}}@media only screen and (max-width:640px) {.fusion-body .fusion-builder-column-1{width:100% !important;order : 0;}.fusion-builder-column-1 > .fusion-column-wrapper {margin-right : 1.92%;margin-left : 1.92%;}}<\/style><\/div><\/div><style type=\"text\/css\">.fusion-body .fusion-flex-container.fusion-builder-row-2{ padding-top : 0px;margin-top : 0px;padding-right : 0px;padding-bottom : 0px;margin-bottom : 0px;padding-left : 0px;}<\/style><\/div><\/p>","protected":false},"excerpt":{"rendered":"","protected":false},"author":1,"featured_media":0,"parent":0,"menu_order":0,"comment_status":"closed","ping_status":"closed","template":"100-width.php","meta":[],"_links":{"self":[{"href":"https:\/\/www.didascalies.art\/en\/wp-json\/wp\/v2\/pages\/936"}],"collection":[{"href":"https:\/\/www.didascalies.art\/en\/wp-json\/wp\/v2\/pages"}],"about":[{"href":"https:\/\/www.didascalies.art\/en\/wp-json\/wp\/v2\/types\/page"}],"author":[{"embeddable":true,"href":"https:\/\/www.didascalies.art\/en\/wp-json\/wp\/v2\/users\/1"}],"replies":[{"embeddable":true,"href":"https:\/\/www.didascalies.art\/en\/wp-json\/wp\/v2\/comments?post=936"}],"version-history":[{"count":4,"href":"https:\/\/www.didascalies.art\/en\/wp-json\/wp\/v2\/pages\/936\/revisions"}],"predecessor-version":[{"id":2356,"href":"https:\/\/www.didascalies.art\/en\/wp-json\/wp\/v2\/pages\/936\/revisions\/2356"}],"wp:attachment":[{"href":"https:\/\/www.didascalies.art\/en\/wp-json\/wp\/v2\/media?parent=936"}],"curies":[{"name":"wp","href":"https:\/\/api.w.org\/{rel}","templated":true}]}}