{"id":1040,"date":"2021-09-07T18:09:51","date_gmt":"2021-09-07T16:09:51","guid":{"rendered":"https:\/\/www.didascalies.art\/?post_type=product&#038;p=1040"},"modified":"2021-11-19T10:28:24","modified_gmt":"2021-11-19T09:28:24","slug":"ensemble-de-7-personnages-en-porcelaine-de-saxe-xixe-siecle","status":"publish","type":"product","link":"https:\/\/www.didascalies.art\/en\/product\/ensemble-de-7-personnages-en-porcelaine-de-saxe-xixe-siecle\/","title":{"rendered":"Ensemble de 7 personnages en porcelaine de Saxe, XIXe si\u00e8cle"},"content":{"rendered":"<p>Tr\u00e8s bel ensemble de personnages en porcelaine de Saxe, XIXe si\u00e8cle, repr\u00e9sentant des sc\u00e8nes de genre.<br \/>\nLes personnages sous les traits d&rsquo;enfants sont plac\u00e9s sur un socle d\u00e9cor\u00e9 d&rsquo;une frise dor\u00e9e.<br \/>\nD&rsquo;une tr\u00e8s grande finesse d&rsquo;ex\u00e9cution aux couleurs chatoyantes et d&rsquo;un grand soucis du d\u00e9tail.<br \/>\nEn tr\u00e8s bon \u00e9tat (infime petit manque).<br \/>\nSign\u00e9 sur la base de chaque personnage.<br \/>\nCollection particuli\u00e8re.<br \/>\nDimensions : h.15 cm x diam\u00e8tre : 5,5 cm.<\/p>","protected":false},"excerpt":{"rendered":"<div class=\"intitule\">\n<div class=\"st-hr\">\u00c9poque : XIX<sup>e<\/sup>\u00a0si\u00e8cle<\/div>\n<\/div>\n<dl>\n<dt>Provenance : Saxe<\/dt>\n<dt>Materiaux : Porcelaine<\/dt>\n<dt>Dimensions : H. 15 cm\u00a0<span class=\"fois\">|<\/span>\u00a0\u00d8 5.5 cm<\/dt>\n<\/dl>","protected":false},"featured_media":1254,"template":"","meta":[],"product_cat":[39],"product_tag":[48,90],"_links":{"self":[{"href":"https:\/\/www.didascalies.art\/en\/wp-json\/wp\/v2\/product\/1040"}],"collection":[{"href":"https:\/\/www.didascalies.art\/en\/wp-json\/wp\/v2\/product"}],"about":[{"href":"https:\/\/www.didascalies.art\/en\/wp-json\/wp\/v2\/types\/product"}],"wp:featuredmedia":[{"embeddable":true,"href":"https:\/\/www.didascalies.art\/en\/wp-json\/wp\/v2\/media\/1254"}],"wp:attachment":[{"href":"https:\/\/www.didascalies.art\/en\/wp-json\/wp\/v2\/media?parent=1040"}],"wp:term":[{"taxonomy":"product_cat","embeddable":true,"href":"https:\/\/www.didascalies.art\/en\/wp-json\/wp\/v2\/product_cat?post=1040"},{"taxonomy":"product_tag","embeddable":true,"href":"https:\/\/www.didascalies.art\/en\/wp-json\/wp\/v2\/product_tag?post=1040"}],"curies":[{"name":"wp","href":"https:\/\/api.w.org\/{rel}","templated":true}]}}