{"id":1152,"date":"2021-10-07T15:41:59","date_gmt":"2021-10-07T13:41:59","guid":{"rendered":"https:\/\/www.didascalies.art\/?post_type=product&#038;p=1152"},"modified":"2021-11-19T10:05:15","modified_gmt":"2021-11-19T09:05:15","slug":"vierge-a-lenfant-ecole-provencale-du-xviie-2","status":"publish","type":"product","link":"https:\/\/www.didascalies.art\/en\/product\/vierge-a-lenfant-ecole-provencale-du-xviie-2\/","title":{"rendered":"Vierge \u00e0 l&rsquo;Enfant &#8211; \u00c9cole proven\u00e7ale du XVIIe"},"content":{"rendered":"<p><em>Vierge \u00e0 l&rsquo;Enfant<\/em>, huile sur toile peinte sur un ch\u00e2ssis ovale, \u00e9cole proven\u00e7ale de la premi\u00e8re moiti\u00e9 du XVIIe si\u00e8cle.<br \/>\nElle est pourvue d&rsquo;un tr\u00e8s beau cadre en bois sculpt\u00e9 et dor\u00e9 \u00e0 d\u00e9cor de fleurs.<\/p>\n<p>Collection particuli\u00e8re.<br \/>\nBon \u00e9tat (pr\u00e9voir un nettoyage et une petite restauration)<br \/>\nDimensions : h.53 cm x 45 cm<\/p>\n<div class=\"intitule\">\n<div class=\"st-hr\">\n<p>Provenance : Aix-en-Provence<\/p>\n<\/div>\n<\/div>\n<dl>\n<dt><\/dt>\n<\/dl>","protected":false},"excerpt":{"rendered":"<p>Vierge \u00e0 l&rsquo;Enfant, huile sur toile peinte sur un ch\u00e2ssis [&hellip;]<\/p>","protected":false},"featured_media":1255,"template":"","meta":[],"product_cat":[52,41],"product_tag":[47],"_links":{"self":[{"href":"https:\/\/www.didascalies.art\/en\/wp-json\/wp\/v2\/product\/1152"}],"collection":[{"href":"https:\/\/www.didascalies.art\/en\/wp-json\/wp\/v2\/product"}],"about":[{"href":"https:\/\/www.didascalies.art\/en\/wp-json\/wp\/v2\/types\/product"}],"wp:featuredmedia":[{"embeddable":true,"href":"https:\/\/www.didascalies.art\/en\/wp-json\/wp\/v2\/media\/1255"}],"wp:attachment":[{"href":"https:\/\/www.didascalies.art\/en\/wp-json\/wp\/v2\/media?parent=1152"}],"wp:term":[{"taxonomy":"product_cat","embeddable":true,"href":"https:\/\/www.didascalies.art\/en\/wp-json\/wp\/v2\/product_cat?post=1152"},{"taxonomy":"product_tag","embeddable":true,"href":"https:\/\/www.didascalies.art\/en\/wp-json\/wp\/v2\/product_tag?post=1152"}],"curies":[{"name":"wp","href":"https:\/\/api.w.org\/{rel}","templated":true}]}}