{"id":1154,"date":"2021-10-07T15:45:50","date_gmt":"2021-10-07T13:45:50","guid":{"rendered":"https:\/\/www.didascalies.art\/?post_type=product&#038;p=1154"},"modified":"2021-11-19T09:57:50","modified_gmt":"2021-11-19T08:57:50","slug":"console-a-plateau-en-acajou-blond-epoque-louis-xvi-xviiie-2","status":"publish","type":"product","link":"https:\/\/www.didascalies.art\/en\/product\/console-a-plateau-en-acajou-blond-epoque-louis-xvi-xviiie-2\/","title":{"rendered":"Console \u00e0 plateau en acajou blond, \u00e9poque Louis XVI, XVIIIe"},"content":{"rendered":"<p>Belle et \u00e9l\u00e9gante console en acajou blond reposant sur quatre colonnes rudent\u00e9es termin\u00e9es par des pieds en forme de toupie et garnis de bronzes dor\u00e9s.<br \/>\nPlateau en acajou sur la partie inf\u00e9rieure, et un grand tiroir sur la fa\u00e7ade. Une \u00e9l\u00e9gante garniture en laiton et bronze dor\u00e9 en forme de filet en souligne l&rsquo;architecture n\u00e9o-classique.<br \/>\nDes petits losanges sont encastr\u00e9s dans les d\u00e9s de raccordements.<br \/>\nBeau plateau en marbre gris de Sainte-Anne d&rsquo;origine.<br \/>\nFond de tiroir en noyer.<br \/>\nConsole d&rsquo;\u00e9poque Louis XVI, vers 1780-1785.<\/p>\n<p>Tr\u00e8s bon \u00e9tat.<br \/>\nDimensions : l. 114 cm x p. 42 cm x h. 90,5 cm.<br \/>\nCollection particuli\u00e8re.<\/p>\n<p><em>Ces consoles \u00e9taient au XVIIIe si\u00e8cle plac\u00e9es dans les salles-\u00e0-manger et servaient de pr\u00e9sentoir.<\/em><\/p>","protected":false},"excerpt":{"rendered":"<div class=\"intitule\">\n<div class=\"st-hr\">R\u00e9f : 91048<\/div>\n<div><\/div>\n<div class=\"prix\">\n<div>\u00c9poque : XVIII<sup>e<\/sup> si\u00e8cle<br \/>\nProvenance : France, Paris<br \/>\nMat\u00e9riaux : Acajou<br \/>\nDimensions : L. 114 cm\u00a0<span class=\"fois\">X<\/span>\u00a0H. 90.5 cm\u00a0<span class=\"fois\">X<\/span>\u00a0P. 42 cm<\/div>\n<\/div>\n<\/div>","protected":false},"featured_media":1252,"template":"","meta":[],"product_cat":[42,52],"product_tag":[38],"_links":{"self":[{"href":"https:\/\/www.didascalies.art\/en\/wp-json\/wp\/v2\/product\/1154"}],"collection":[{"href":"https:\/\/www.didascalies.art\/en\/wp-json\/wp\/v2\/product"}],"about":[{"href":"https:\/\/www.didascalies.art\/en\/wp-json\/wp\/v2\/types\/product"}],"wp:featuredmedia":[{"embeddable":true,"href":"https:\/\/www.didascalies.art\/en\/wp-json\/wp\/v2\/media\/1252"}],"wp:attachment":[{"href":"https:\/\/www.didascalies.art\/en\/wp-json\/wp\/v2\/media?parent=1154"}],"wp:term":[{"taxonomy":"product_cat","embeddable":true,"href":"https:\/\/www.didascalies.art\/en\/wp-json\/wp\/v2\/product_cat?post=1154"},{"taxonomy":"product_tag","embeddable":true,"href":"https:\/\/www.didascalies.art\/en\/wp-json\/wp\/v2\/product_tag?post=1154"}],"curies":[{"name":"wp","href":"https:\/\/api.w.org\/{rel}","templated":true}]}}