{"id":1156,"date":"2021-10-07T15:52:32","date_gmt":"2021-10-07T13:52:32","guid":{"rendered":"https:\/\/www.didascalies.art\/?post_type=product&#038;p=1156"},"modified":"2022-12-19T11:07:40","modified_gmt":"2022-12-19T10:07:40","slug":"coiffeuse-de-dame-en-bois-de-placage-transition-vers-1770-2","status":"publish","type":"product","link":"https:\/\/www.didascalies.art\/en\/product\/coiffeuse-de-dame-en-bois-de-placage-transition-vers-1770-2\/","title":{"rendered":"Coiffeuse de dame en bois de placage, transition des \u00e9poques Louis XV-Louis XVI, vers 1770 (VENDUE)"},"content":{"rendered":"<div class=\"titre\">Coiffeuse de dame en bois de placage, transition des \u00e9poques Louis XV-Louis XVI,\u00a0 vers 1770<\/div>\n<div class=\"texte\">\n<p>Jolie et \u00e9l\u00e9gante coiffeuse de dame en bois de rose, citronnier et palissandre ouvrant en fa\u00e7ade par deux tiroirs et une tablette. La partie sup\u00e9rieure est pourvue de son miroir au mercure d&rsquo;origine et d&rsquo;un tissu en soie \u00e0 rayure rose et vert. Elle repose sur quatre pieds cambr\u00e9s et d\u00e9cor\u00e9e d&rsquo;entr\u00e9e de serrure en bronze dor\u00e9 \u00e0 ruban ainsi que de ses petits boutons.<\/p>\n<p>Dimensions : H.80 cm x l.80 cm x p.43 cm.<br \/>\nTr\u00e8s bon \u00e9tat.<br \/>\nCollection particuli\u00e8re.<\/p>\n<\/div>","protected":false},"excerpt":{"rendered":"<p><img class=\"alignnone size-full wp-image-2341\" src=\"https:\/\/www.didascalies.art\/wp-content\/uploads\/2022\/11\/ETIQUETTE-VENDU-150px.png\" alt=\"\" width=\"150\" height=\"43\" srcset=\"https:\/\/www.didascalies.art\/wp-content\/uploads\/2022\/11\/ETIQUETTE-VENDU-150px-18x5.png 18w, https:\/\/www.didascalies.art\/wp-content\/uploads\/2022\/11\/ETIQUETTE-VENDU-150px.png 150w\" sizes=\"(max-width: 150px) 100vw, 150px\" \/><\/p>","protected":false},"featured_media":1256,"template":"","meta":[],"product_cat":[42,52],"product_tag":[35],"_links":{"self":[{"href":"https:\/\/www.didascalies.art\/en\/wp-json\/wp\/v2\/product\/1156"}],"collection":[{"href":"https:\/\/www.didascalies.art\/en\/wp-json\/wp\/v2\/product"}],"about":[{"href":"https:\/\/www.didascalies.art\/en\/wp-json\/wp\/v2\/types\/product"}],"wp:featuredmedia":[{"embeddable":true,"href":"https:\/\/www.didascalies.art\/en\/wp-json\/wp\/v2\/media\/1256"}],"wp:attachment":[{"href":"https:\/\/www.didascalies.art\/en\/wp-json\/wp\/v2\/media?parent=1156"}],"wp:term":[{"taxonomy":"product_cat","embeddable":true,"href":"https:\/\/www.didascalies.art\/en\/wp-json\/wp\/v2\/product_cat?post=1156"},{"taxonomy":"product_tag","embeddable":true,"href":"https:\/\/www.didascalies.art\/en\/wp-json\/wp\/v2\/product_tag?post=1156"}],"curies":[{"name":"wp","href":"https:\/\/api.w.org\/{rel}","templated":true}]}}