{"id":1322,"date":"2021-11-08T14:05:39","date_gmt":"2021-11-08T13:05:39","guid":{"rendered":"https:\/\/www.didascalies.art\/?post_type=product&#038;p=1322"},"modified":"2022-12-19T11:06:47","modified_gmt":"2022-12-19T10:06:47","slug":"suite-de-six-chaises-turin-italie-vers-1745","status":"publish","type":"product","link":"https:\/\/www.didascalies.art\/en\/product\/suite-de-six-chaises-turin-italie-vers-1745\/","title":{"rendered":"Suite de six chaises, Turin Italie vers 1745 (VENDUES)"},"content":{"rendered":"<p>Rare et belle suite de six chaises en noyer, richement sculpt\u00e9es de fleurs et feuillages sur les dossiers, les chutes en fa\u00e7ade ainsi que sur la ceinture. Elles reposent sur quatre pieds cambr\u00e9s termin\u00e9s par des sabots sculpt\u00e9s de feuilles d&rsquo;acanthe. Le dossier est \u00e9l\u00e9gamment ajour\u00e9 et chantourn\u00e9, garni d&rsquo;une traverse pleine.<br \/>\nLes six chaises sont mont\u00e9es sur sangles et sont pourvues de renforts \u00e0 l&rsquo;int\u00e9rieur de la ceinture.<\/p>\n<p>Elles datent des ann\u00e9es 1745, et sont originaire de la ville de Turin, Italie du nord.<br \/>\nCollection particuli\u00e8re.<br \/>\nEn bon \u00e9tat (restaurations d&rsquo;usage, pr\u00e9voir de remplacer le tissu).<br \/>\nDimensions: h. 86cm x p. 50 cm x l. 55 cm. &#8211; (h. de l&rsquo;assise : 45 cm)<\/p>\n<p><em>Ces chaises \u00e9taient utilis\u00e9es au XVIIIe si\u00e8cle comme si\u00e8ges de salle \u00e0 manger ou bien pour des tables de jeux. <\/em><em>Elles sont un bel exemple du mobilier italien d&rsquo;une relative exub\u00e9rance et d&rsquo;une grande finesse d&rsquo;ex\u00e9cution.<\/em><\/p>","protected":false},"excerpt":{"rendered":"<p><img class=\"alignnone size-full wp-image-2341\" src=\"https:\/\/www.didascalies.art\/wp-content\/uploads\/2022\/11\/ETIQUETTE-VENDU-150px.png\" alt=\"\" width=\"150\" height=\"43\" srcset=\"https:\/\/www.didascalies.art\/wp-content\/uploads\/2022\/11\/ETIQUETTE-VENDU-150px-18x5.png 18w, https:\/\/www.didascalies.art\/wp-content\/uploads\/2022\/11\/ETIQUETTE-VENDU-150px.png 150w\" sizes=\"(max-width: 150px) 100vw, 150px\" \/><\/p>","protected":false},"featured_media":1627,"template":"","meta":[],"product_cat":[42],"product_tag":[115,116,117],"_links":{"self":[{"href":"https:\/\/www.didascalies.art\/en\/wp-json\/wp\/v2\/product\/1322"}],"collection":[{"href":"https:\/\/www.didascalies.art\/en\/wp-json\/wp\/v2\/product"}],"about":[{"href":"https:\/\/www.didascalies.art\/en\/wp-json\/wp\/v2\/types\/product"}],"wp:featuredmedia":[{"embeddable":true,"href":"https:\/\/www.didascalies.art\/en\/wp-json\/wp\/v2\/media\/1627"}],"wp:attachment":[{"href":"https:\/\/www.didascalies.art\/en\/wp-json\/wp\/v2\/media?parent=1322"}],"wp:term":[{"taxonomy":"product_cat","embeddable":true,"href":"https:\/\/www.didascalies.art\/en\/wp-json\/wp\/v2\/product_cat?post=1322"},{"taxonomy":"product_tag","embeddable":true,"href":"https:\/\/www.didascalies.art\/en\/wp-json\/wp\/v2\/product_tag?post=1322"}],"curies":[{"name":"wp","href":"https:\/\/api.w.org\/{rel}","templated":true}]}}