{"id":1325,"date":"2021-11-08T14:11:53","date_gmt":"2021-11-08T13:11:53","guid":{"rendered":"https:\/\/www.didascalies.art\/?post_type=product&#038;p=1325"},"modified":"2021-11-19T08:52:25","modified_gmt":"2021-11-19T07:52:25","slug":"secretaire-depoque-louis-xvi-en-bois-de-placage-2","status":"publish","type":"product","link":"https:\/\/www.didascalies.art\/en\/product\/secretaire-depoque-louis-xvi-en-bois-de-placage-2\/","title":{"rendered":"Secr\u00e9taire d&rsquo;\u00e9poque Louis XVI en bois de placage"},"content":{"rendered":"<p>Beau et \u00e9l\u00e9gant secr\u00e9taire en bois de rose, bois de violette, sycomore et citronnier, ouvrant par un abattant et deux vantaux en fa\u00e7ade. Il dissimule dans sa chapelle six petits tiroirs. Une belle marqueterie \u00e0 la grecque orn\u00e9e de crossettes sur les angles, ainsi qu&rsquo;un jeu de marqueterie en aile de papillon. Il repose sur quatre pieds droit dont deux \u00e0 pan coup\u00e9.<br \/>\nUn beau cuir d\u00e9cor\u00e9 d&rsquo;arabesques au fer en termine le d\u00e9cor.<br \/>\nMarbre rouge de Belgique d&rsquo;origine. Garniture en bronze dor\u00e9 \u00e0 ruban.<br \/>\nSecr\u00e9taire d&rsquo;\u00e9poque Louis XVI, vers 1770.<\/p>\n<p>En tr\u00e8s bon \u00e9tat.<br \/>\nCollection particuli\u00e8re (provient d&rsquo;un h\u00f4tel particulier aixois ).<br \/>\nDimensions : h.138 cm x l.84 cm x p.44 cm.<\/p>\n<p><em>La forme tr\u00e8s g\u00e9om\u00e9trique annonce le retour \u00e0 l&rsquo;Antique tr\u00e8s en vogue vers les ann\u00e9es 1765-1775.<\/em><\/p>\n<p>&nbsp;<\/p>","protected":false},"excerpt":{"rendered":"<p>Beau et \u00e9l\u00e9gant secr\u00e9taire en bois de rose, bois de [&hellip;]<\/p>","protected":false},"featured_media":1653,"template":"","meta":[],"product_cat":[42],"product_tag":[],"_links":{"self":[{"href":"https:\/\/www.didascalies.art\/en\/wp-json\/wp\/v2\/product\/1325"}],"collection":[{"href":"https:\/\/www.didascalies.art\/en\/wp-json\/wp\/v2\/product"}],"about":[{"href":"https:\/\/www.didascalies.art\/en\/wp-json\/wp\/v2\/types\/product"}],"wp:featuredmedia":[{"embeddable":true,"href":"https:\/\/www.didascalies.art\/en\/wp-json\/wp\/v2\/media\/1653"}],"wp:attachment":[{"href":"https:\/\/www.didascalies.art\/en\/wp-json\/wp\/v2\/media?parent=1325"}],"wp:term":[{"taxonomy":"product_cat","embeddable":true,"href":"https:\/\/www.didascalies.art\/en\/wp-json\/wp\/v2\/product_cat?post=1325"},{"taxonomy":"product_tag","embeddable":true,"href":"https:\/\/www.didascalies.art\/en\/wp-json\/wp\/v2\/product_tag?post=1325"}],"curies":[{"name":"wp","href":"https:\/\/api.w.org\/{rel}","templated":true}]}}