{"id":1347,"date":"2021-11-08T14:27:49","date_gmt":"2021-11-08T13:27:49","guid":{"rendered":"https:\/\/www.didascalies.art\/?post_type=product&#038;p=1347"},"modified":"2023-08-08T14:28:38","modified_gmt":"2023-08-08T12:28:38","slug":"gustav-klimt","status":"publish","type":"product","link":"https:\/\/www.didascalies.art\/en\/product\/gustav-klimt\/","title":{"rendered":"Gustav KLIMT (1862-1918) &#8211; Femme assise (VENDU)"},"content":{"rendered":"<p>Gustav KLIMT, Vienne (1862-1918).<br \/>\n<em>Femme assise<\/em><br \/>\nFusain sur papier beige, H.453 mm x L.309 mm.<br \/>\nCadre Art Nouveau : H.63 cm x L.50 cm.<br \/>\nCachet de l&rsquo;atelier de l&rsquo;artiste ( lugt.n\u00b0L.1575) en bas \u00e0 droite du dessin.<br \/>\nBibliographie :<br \/>\nA. Strobl, Gustav Klimt : die Zeichnungen, Salzbourg, Verlag Galerie Welz, 1989, p.214, n\u00b0730<br \/>\nProvenance : Atelier de l&rsquo;artiste ( cachet de l&rsquo;atelier lugt n\u00b0L.1575 ) &#8211; Galerie Wolfgang Gurlitt, Munich &#8211; H. Shickman, New York &#8211; Collection particuli\u00e8re.<br \/>\nOeuvre en rapport : The Old Year, mois de janvier du calendrier illustr\u00e9 par Gustav Klimt, publi\u00e9 dans \u00a0\u00bb Ver Sacrum\u00a0\u00bb en 1901.<\/p>\n<p><em>Cette oeuvre est pr\u00e9paratoire \u00e0 la figure squelettique drap\u00e9e dans une \u00e9toffe noire et reproduite dans l&rsquo;illustration du mois de janvier du calendrier paru dans Ver Sacrum en 1901.<\/em><\/p>","protected":false},"excerpt":{"rendered":"<p><img class=\"alignnone size-full wp-image-2341\" src=\"https:\/\/www.didascalies.art\/wp-content\/uploads\/2022\/11\/ETIQUETTE-VENDU-150px.png\" alt=\"\" width=\"150\" height=\"43\" srcset=\"https:\/\/www.didascalies.art\/wp-content\/uploads\/2022\/11\/ETIQUETTE-VENDU-150px-18x5.png 18w, https:\/\/www.didascalies.art\/wp-content\/uploads\/2022\/11\/ETIQUETTE-VENDU-150px.png 150w\" sizes=\"(max-width: 150px) 100vw, 150px\" \/><\/p>","protected":false},"featured_media":2620,"template":"","meta":[],"product_cat":[52,41],"product_tag":[156,155],"_links":{"self":[{"href":"https:\/\/www.didascalies.art\/en\/wp-json\/wp\/v2\/product\/1347"}],"collection":[{"href":"https:\/\/www.didascalies.art\/en\/wp-json\/wp\/v2\/product"}],"about":[{"href":"https:\/\/www.didascalies.art\/en\/wp-json\/wp\/v2\/types\/product"}],"wp:featuredmedia":[{"embeddable":true,"href":"https:\/\/www.didascalies.art\/en\/wp-json\/wp\/v2\/media\/2620"}],"wp:attachment":[{"href":"https:\/\/www.didascalies.art\/en\/wp-json\/wp\/v2\/media?parent=1347"}],"wp:term":[{"taxonomy":"product_cat","embeddable":true,"href":"https:\/\/www.didascalies.art\/en\/wp-json\/wp\/v2\/product_cat?post=1347"},{"taxonomy":"product_tag","embeddable":true,"href":"https:\/\/www.didascalies.art\/en\/wp-json\/wp\/v2\/product_tag?post=1347"}],"curies":[{"name":"wp","href":"https:\/\/api.w.org\/{rel}","templated":true}]}}