{"id":1356,"date":"2021-11-08T14:31:07","date_gmt":"2021-11-08T13:31:07","guid":{"rendered":"https:\/\/www.didascalies.art\/?post_type=product&#038;p=1356"},"modified":"2023-03-13T11:19:35","modified_gmt":"2023-03-13T10:19:35","slug":"encoignure-regence","status":"publish","type":"product","link":"https:\/\/www.didascalies.art\/en\/product\/encoignure-regence\/","title":{"rendered":"Encoignure d&rsquo;\u00e9poque R\u00e9gence en bois d&rsquo;amarante et satin\u00e9, d\u00e9but XVIIIe"},"content":{"rendered":"<p>Petite encoignure en bois de placage en amarante et satin\u00e9, ouvrant par deux vantaux l\u00e9g\u00e8rement galb\u00e9s.<br \/>\nElle est pourvue de lingoti\u00e8res, d&rsquo;une entr\u00e9e de serrure ainsi que de sa cl\u00e9 d&rsquo;origine. Marqueterie en aile de papillon.<br \/>\nA l&rsquo;int\u00e9rieur deux \u00e9tag\u00e8res galb\u00e9es d&rsquo;origine.<\/p>\n<p>Dessus de marbre du Tholonet<br \/>\nEncoignure d&rsquo;\u00e9poque de la R\u00e9gence, vers 1725.<\/p>\n<p>Provenant d&rsquo;un h\u00f4tel particulier parisien, toujours rest\u00e9e dans la m\u00eame famille.<br \/>\nDimensions : h.98 cm x p.52 cm. (restauration d&rsquo;usage).<\/p>","protected":false},"excerpt":{"rendered":"<p>Petite encoignure en bois de placage en amarante et satin\u00e9, [&hellip;]<\/p>","protected":false},"featured_media":2045,"template":"","meta":[],"product_cat":[42],"product_tag":[87,59],"_links":{"self":[{"href":"https:\/\/www.didascalies.art\/en\/wp-json\/wp\/v2\/product\/1356"}],"collection":[{"href":"https:\/\/www.didascalies.art\/en\/wp-json\/wp\/v2\/product"}],"about":[{"href":"https:\/\/www.didascalies.art\/en\/wp-json\/wp\/v2\/types\/product"}],"wp:featuredmedia":[{"embeddable":true,"href":"https:\/\/www.didascalies.art\/en\/wp-json\/wp\/v2\/media\/2045"}],"wp:attachment":[{"href":"https:\/\/www.didascalies.art\/en\/wp-json\/wp\/v2\/media?parent=1356"}],"wp:term":[{"taxonomy":"product_cat","embeddable":true,"href":"https:\/\/www.didascalies.art\/en\/wp-json\/wp\/v2\/product_cat?post=1356"},{"taxonomy":"product_tag","embeddable":true,"href":"https:\/\/www.didascalies.art\/en\/wp-json\/wp\/v2\/product_tag?post=1356"}],"curies":[{"name":"wp","href":"https:\/\/api.w.org\/{rel}","templated":true}]}}