{"id":1375,"date":"2021-11-08T14:35:08","date_gmt":"2021-11-08T13:35:08","guid":{"rendered":"https:\/\/www.didascalies.art\/?post_type=product&#038;p=1375"},"modified":"2022-12-19T11:53:40","modified_gmt":"2022-12-19T10:53:40","slug":"maitre-orfevre-martial-fray-confiturier-en-argent-massif","status":"publish","type":"product","link":"https:\/\/www.didascalies.art\/en\/product\/maitre-orfevre-martial-fray-confiturier-en-argent-massif\/","title":{"rendered":"Ma\u00eetre orf\u00e8vre Martial Fray &#8211; Confiturier en argent Massif (VENDU)"},"content":{"rendered":"<p>Beau et \u00e9l\u00e9gant confiturier en argent massif du Ma\u00eetre Orf\u00e8vre Martial Fray qui exer\u00e7a de 1849 \u00e0 1861 au 22 rue Pastourelle dans le Marais \u00e0 Paris, poin\u00e7on Minerve, vers 1855.<br \/>\nCe confiturier est pourvu d&rsquo;un couvercle \u00e0 d\u00e9cor de fruits et comporte un monogramme \u00ab\u00a0DM\u00a0\u00bb. Un pourtour sculpt\u00e9 de volutes et de coquilles ainsi que deux anses sculpt\u00e9es de volutes en terminent le d\u00e9cor de la partie sup\u00e9rieur. Le corps du confiturier est en cristal taill\u00e9 et repose sur quatre pieds griffes.<br \/>\nDouze cuill\u00e8res en argent dont deux d&rsquo;un mod\u00e8le diff\u00e9rent.<br \/>\nLes poin\u00e7ons Minerve sur la base et le couvercle et le poin\u00e7on du Ma\u00eetre Fray sur le cot\u00e9 gauche de cette m\u00eame base.<br \/>\nEn tr\u00e8s bon \u00e9tat.<br \/>\nObjet ayant toujours appartenu \u00e0 la m\u00eame famille.<br \/>\nDimensions : h.27 cm x l.24 cm.<\/p>","protected":false},"excerpt":{"rendered":"<p><img class=\"alignnone size-full wp-image-2341\" src=\"https:\/\/www.didascalies.art\/wp-content\/uploads\/2022\/11\/ETIQUETTE-VENDU-150px.png\" alt=\"\" width=\"150\" height=\"43\" srcset=\"https:\/\/www.didascalies.art\/wp-content\/uploads\/2022\/11\/ETIQUETTE-VENDU-150px-18x5.png 18w, https:\/\/www.didascalies.art\/wp-content\/uploads\/2022\/11\/ETIQUETTE-VENDU-150px.png 150w\" sizes=\"(max-width: 150px) 100vw, 150px\" \/><\/p>","protected":false},"featured_media":1762,"template":"","meta":[],"product_cat":[39],"product_tag":[101,100,98,99],"_links":{"self":[{"href":"https:\/\/www.didascalies.art\/en\/wp-json\/wp\/v2\/product\/1375"}],"collection":[{"href":"https:\/\/www.didascalies.art\/en\/wp-json\/wp\/v2\/product"}],"about":[{"href":"https:\/\/www.didascalies.art\/en\/wp-json\/wp\/v2\/types\/product"}],"wp:featuredmedia":[{"embeddable":true,"href":"https:\/\/www.didascalies.art\/en\/wp-json\/wp\/v2\/media\/1762"}],"wp:attachment":[{"href":"https:\/\/www.didascalies.art\/en\/wp-json\/wp\/v2\/media?parent=1375"}],"wp:term":[{"taxonomy":"product_cat","embeddable":true,"href":"https:\/\/www.didascalies.art\/en\/wp-json\/wp\/v2\/product_cat?post=1375"},{"taxonomy":"product_tag","embeddable":true,"href":"https:\/\/www.didascalies.art\/en\/wp-json\/wp\/v2\/product_tag?post=1375"}],"curies":[{"name":"wp","href":"https:\/\/api.w.org\/{rel}","templated":true}]}}