{"id":1379,"date":"2021-11-08T14:36:27","date_gmt":"2021-11-08T13:36:27","guid":{"rendered":"https:\/\/www.didascalies.art\/?post_type=product&#038;p=1379"},"modified":"2021-11-19T08:25:37","modified_gmt":"2021-11-19T07:25:37","slug":"ensemble-de-8-personnages-en-porcelaine-de-saxe-xixe-siecle","status":"publish","type":"product","link":"https:\/\/www.didascalies.art\/en\/product\/ensemble-de-8-personnages-en-porcelaine-de-saxe-xixe-siecle\/","title":{"rendered":"Ensemble de 8 personnages en porcelaine de Saxe, XIXe si\u00e8cle"},"content":{"rendered":"<p>Tr\u00e8s bel ensemble de huit personnages repr\u00e9sentant des enfants dans le cadre de sc\u00e8nes de genre. Une grande finesse d&rsquo;ex\u00e9cution, un souci du d\u00e9tail et des couleurs chatoyantes en font un ensemble de grande qualit\u00e9.<br \/>\nChaque personnage est plac\u00e9 sur un socle d\u00e9cor\u00e9 d&rsquo;une frise dor\u00e9e.<br \/>\nOrigine : collection particuli\u00e8re.<br \/>\nEn tr\u00e8s bon \u00e9tat (infime petit manque).<br \/>\nDimensions : h.15 cm x diam\u00e8tre : 5,5 cm.<\/p>","protected":false},"excerpt":{"rendered":"<p>Tr\u00e8s bel ensemble de huit personnages repr\u00e9sentant des enfants dans [&hellip;]<\/p>","protected":false},"featured_media":2176,"template":"","meta":[],"product_cat":[39],"product_tag":[88,90,89],"_links":{"self":[{"href":"https:\/\/www.didascalies.art\/en\/wp-json\/wp\/v2\/product\/1379"}],"collection":[{"href":"https:\/\/www.didascalies.art\/en\/wp-json\/wp\/v2\/product"}],"about":[{"href":"https:\/\/www.didascalies.art\/en\/wp-json\/wp\/v2\/types\/product"}],"wp:featuredmedia":[{"embeddable":true,"href":"https:\/\/www.didascalies.art\/en\/wp-json\/wp\/v2\/media\/2176"}],"wp:attachment":[{"href":"https:\/\/www.didascalies.art\/en\/wp-json\/wp\/v2\/media?parent=1379"}],"wp:term":[{"taxonomy":"product_cat","embeddable":true,"href":"https:\/\/www.didascalies.art\/en\/wp-json\/wp\/v2\/product_cat?post=1379"},{"taxonomy":"product_tag","embeddable":true,"href":"https:\/\/www.didascalies.art\/en\/wp-json\/wp\/v2\/product_tag?post=1379"}],"curies":[{"name":"wp","href":"https:\/\/api.w.org\/{rel}","templated":true}]}}