{"id":1436,"date":"2021-11-08T14:51:04","date_gmt":"2021-11-08T13:51:04","guid":{"rendered":"https:\/\/www.didascalies.art\/?post_type=product&#038;p=1436"},"modified":"2023-08-08T12:31:32","modified_gmt":"2023-08-08T10:31:32","slug":"nogaret","status":"publish","type":"product","link":"https:\/\/www.didascalies.art\/en\/product\/nogaret\/","title":{"rendered":"Suite de quatre chaises en noyer, estampill\u00e9es Pierre NOGARET, XVIIIe si\u00e8cle"},"content":{"rendered":"<p>Suite de quatre chaises en noyer cir\u00e9, estampill\u00e9es Pierre Nogaret, \u00e0 d\u00e9cor de bouquets de fleurs, pivoines, rinceaux de feuillages, assise large et confortable, plus basse que sur les mod\u00e8les parisiens.<br \/>\nVers 1750.<br \/>\nTr\u00e8s bon \u00e9tat.<br \/>\nDimensions : h.88,5 cm x p.52 cm x l.57 cm.<\/p>\n<p><em>Pierre Nogaret 1718 &#8211; 23 ao\u00fbt 1771, re\u00e7u Ma\u00eetre en juin 1745 \u00e0 Lyon.<\/em><br \/>\n<em>Le plus connu des artisans de province, avec les \u00e9b\u00e9nistes Hache de Grenoble. <\/em><em>N\u00e9 \u00e0 paris, il y aurait effectu\u00e9 son apprentissage avant de venir \u00e0 Lyon en 1743.<\/em><br \/>\n<em>Il a produit un grand nombre de si\u00e8ges, de canap\u00e9s, de lits de repos d&rsquo;une haute qualit\u00e9 d&rsquo;ex\u00e9cution, de style Louis XV rocaille, avec parfois des r\u00e9miniscences de la R\u00e9gence.<\/em><br \/>\n<em>Nogaret donne la primaut\u00e9 \u00e0 la ligne sur le d\u00e9cor. Particuli\u00e8rement typique de sa mani\u00e8re est la silhouette mouvement\u00e9e d&rsquo;un grand nombre de ses ouvrages. Courbes et contre-courbes, accentu\u00e9es d&rsquo;agrafes et de rinceaux \u00e0 crosse, leur impriment un rythme alerte \u00e0 nul autre pareil. Cette suite de quatre chaises estampill\u00e9es Pierre Nogaret\u00e0 Lyon est un exemple typique de sa production. Ses meubles sont visibles dans diff\u00e9rents Mus\u00e9es : Chaalis, Jacquemart-Andr\u00e9, Arts d\u00e9coratifs de Lyon, Arts d\u00e9coratifs de Paris, Louvre, Nissim-de-Camondo entre autre.<\/em><\/p>\n<p>&nbsp;<\/p>\n<div class=\"fusion-video fusion-selfhosted-video\" style=\"max-width:100%;\"><div class=\"video-wrapper\"><video playsinline=\"true\" width=\"100%\" style=\"object-fit: cover;\" autoplay=\"true\" muted=\"true\" loop=\"true\" preload=\"auto\" controls=\"1\"><source src=\"https:\/\/www.didascalies.art\/wp-content\/uploads\/2021\/11\/Chaises-Louis-XV.mov\" type=\"video\/mp4\">Sorry, your browser doesn&#039;t support embedded videos.<\/video><\/div><\/div>","protected":false},"excerpt":{"rendered":"<p>Suite de quatre chaises en noyer cir\u00e9, estampill\u00e9es Pierre Nogaret, [&hellip;]<\/p>","protected":false},"featured_media":2446,"template":"","meta":[],"product_cat":[42,31],"product_tag":[],"_links":{"self":[{"href":"https:\/\/www.didascalies.art\/en\/wp-json\/wp\/v2\/product\/1436"}],"collection":[{"href":"https:\/\/www.didascalies.art\/en\/wp-json\/wp\/v2\/product"}],"about":[{"href":"https:\/\/www.didascalies.art\/en\/wp-json\/wp\/v2\/types\/product"}],"wp:featuredmedia":[{"embeddable":true,"href":"https:\/\/www.didascalies.art\/en\/wp-json\/wp\/v2\/media\/2446"}],"wp:attachment":[{"href":"https:\/\/www.didascalies.art\/en\/wp-json\/wp\/v2\/media?parent=1436"}],"wp:term":[{"taxonomy":"product_cat","embeddable":true,"href":"https:\/\/www.didascalies.art\/en\/wp-json\/wp\/v2\/product_cat?post=1436"},{"taxonomy":"product_tag","embeddable":true,"href":"https:\/\/www.didascalies.art\/en\/wp-json\/wp\/v2\/product_tag?post=1436"}],"curies":[{"name":"wp","href":"https:\/\/api.w.org\/{rel}","templated":true}]}}