{"id":1513,"date":"2021-11-08T15:11:51","date_gmt":"2021-11-08T14:11:51","guid":{"rendered":"https:\/\/www.didascalies.art\/?post_type=product&#038;p=1513"},"modified":"2023-04-16T05:18:00","modified_gmt":"2023-04-16T03:18:00","slug":"cabriolets-italie","status":"publish","type":"product","link":"https:\/\/www.didascalies.art\/en\/product\/cabriolets-italie\/","title":{"rendered":"Paire de cabriolets, Italie du Nord XVIIIe si\u00e8cle"},"content":{"rendered":"<p>Paire de cabriolets noyer finement sculpt\u00e9e et chantourn\u00e9e, reposant sur quatre pieds de forme escargot. Ils sont recouverts d&rsquo;une tapisserie au petit point dont le d\u00e9cor repr\u00e9sente des oiseaux. Ces fauteuils appel\u00e9s \u00ab\u00a0volants\u00a0\u00bb \u00e9taient au XVIIIe si\u00e8cle en milieu de salon et pouvaient \u00eatre d\u00e9plac\u00e9s \u00e0 la guise des occupants.<br \/>\nIls proviennent d&rsquo;un petit palais v\u00e9nitien, situ\u00e9 non loin du Grand Canal.<br \/>\nPremi\u00e8re moiti\u00e9 du XVIIIe si\u00e8cle, vers 1745.<br \/>\nBon \u00e9tat.<br \/>\nDimensions : Hauteur : 87 cm ,Largeur: 63 cm ,Profondeur: 53 cm.<\/p>","protected":false},"excerpt":{"rendered":"<p>Paire de cabriolets noyer finement sculpt\u00e9e et chantourn\u00e9e, reposant sur [&hellip;]<\/p>","protected":false},"featured_media":2698,"template":"","meta":[],"product_cat":[42,31],"product_tag":[167],"_links":{"self":[{"href":"https:\/\/www.didascalies.art\/en\/wp-json\/wp\/v2\/product\/1513"}],"collection":[{"href":"https:\/\/www.didascalies.art\/en\/wp-json\/wp\/v2\/product"}],"about":[{"href":"https:\/\/www.didascalies.art\/en\/wp-json\/wp\/v2\/types\/product"}],"wp:featuredmedia":[{"embeddable":true,"href":"https:\/\/www.didascalies.art\/en\/wp-json\/wp\/v2\/media\/2698"}],"wp:attachment":[{"href":"https:\/\/www.didascalies.art\/en\/wp-json\/wp\/v2\/media?parent=1513"}],"wp:term":[{"taxonomy":"product_cat","embeddable":true,"href":"https:\/\/www.didascalies.art\/en\/wp-json\/wp\/v2\/product_cat?post=1513"},{"taxonomy":"product_tag","embeddable":true,"href":"https:\/\/www.didascalies.art\/en\/wp-json\/wp\/v2\/product_tag?post=1513"}],"curies":[{"name":"wp","href":"https:\/\/api.w.org\/{rel}","templated":true}]}}