{"id":1585,"date":"2021-11-08T15:40:58","date_gmt":"2021-11-08T14:40:58","guid":{"rendered":"https:\/\/www.didascalies.art\/?post_type=product&#038;p=1585"},"modified":"2023-08-08T14:27:01","modified_gmt":"2023-08-08T12:27:01","slug":"fauteuils-dapparat","status":"publish","type":"product","link":"https:\/\/www.didascalies.art\/en\/product\/fauteuils-dapparat\/","title":{"rendered":"Fauteuils d&rsquo;apparat d\u00e9but XVIIIe si\u00e8cle"},"content":{"rendered":"<p>Importante paire de fauteuils en bois dor\u00e9, richement sculpt\u00e9s de coquilles plates, de feuilles d&rsquo;acanthe et de cartouches sur la ceinture et les accotoirs . Ils sont recouverts d&rsquo; une tapisserie d&rsquo;origine, au petit point, anim\u00e9e de personnages et d&rsquo;animaux. Ces si\u00e8ges d&rsquo;apparat \u00e9taient destin\u00e9s \u00e0 l&rsquo;\u00e9poque Louis XIV et au d\u00e9but du XVIIIe si\u00e8cle \u00e0 d\u00e9corer les murs des h\u00f4tels particuliers ou des ch\u00e2teaux .<br \/>\nBel \u00e9tat de conservation.<\/p>\n<p>Dimensions : hauteur : 115 cm , largeur : 78 cm, profondeur : 63 cm<\/p>\n<p>&nbsp;<\/p>\n<div style=\"width: 1200px;\" class=\"wp-video\"><!--[if lt IE 9]><script>document.createElement('video');<\/script><![endif]-->\n<video class=\"wp-video-shortcode\" id=\"video-1585-1\" width=\"1200\" height=\"675\" preload=\"metadata\" controls=\"controls\"><source type=\"video\/mp4\" src=\"https:\/\/www.didascalies.art\/wp-content\/uploads\/2023\/03\/Video-fauteuils-apparat.mp4?_=1\" \/><a href=\"https:\/\/www.didascalies.art\/wp-content\/uploads\/2023\/03\/Video-fauteuils-apparat.mp4\">https:\/\/www.didascalies.art\/wp-content\/uploads\/2023\/03\/Video-fauteuils-apparat.mp4<\/a><\/video><\/div>","protected":false},"excerpt":{"rendered":"<p>Importante paire de fauteuils en bois dor\u00e9, richement sculpt\u00e9s de [&hellip;]<\/p>","protected":false},"featured_media":2421,"template":"","meta":[],"product_cat":[42],"product_tag":[144,145,59,61],"_links":{"self":[{"href":"https:\/\/www.didascalies.art\/en\/wp-json\/wp\/v2\/product\/1585"}],"collection":[{"href":"https:\/\/www.didascalies.art\/en\/wp-json\/wp\/v2\/product"}],"about":[{"href":"https:\/\/www.didascalies.art\/en\/wp-json\/wp\/v2\/types\/product"}],"wp:featuredmedia":[{"embeddable":true,"href":"https:\/\/www.didascalies.art\/en\/wp-json\/wp\/v2\/media\/2421"}],"wp:attachment":[{"href":"https:\/\/www.didascalies.art\/en\/wp-json\/wp\/v2\/media?parent=1585"}],"wp:term":[{"taxonomy":"product_cat","embeddable":true,"href":"https:\/\/www.didascalies.art\/en\/wp-json\/wp\/v2\/product_cat?post=1585"},{"taxonomy":"product_tag","embeddable":true,"href":"https:\/\/www.didascalies.art\/en\/wp-json\/wp\/v2\/product_tag?post=1585"}],"curies":[{"name":"wp","href":"https:\/\/api.w.org\/{rel}","templated":true}]}}