{"id":2357,"date":"2022-11-28T16:18:14","date_gmt":"2022-11-28T15:18:14","guid":{"rendered":"https:\/\/www.didascalies.art\/?post_type=product&#038;p=2357"},"modified":"2023-03-13T11:47:17","modified_gmt":"2023-03-13T10:47:17","slug":"louis-nattero-port-de-marseille","status":"publish","type":"product","link":"https:\/\/www.didascalies.art\/en\/product\/louis-nattero-port-de-marseille\/","title":{"rendered":"Louis Nattero, Port de Marseille"},"content":{"rendered":"<p>Port de Marseille, huile sur toile sign\u00e9e Louis Nattero (1870-1915)<\/p>\n<p>Tr\u00e8s bon \u00e9tat g\u00e9n\u00e9ral. Tr\u00e8s beau cadre en bois sculpt\u00e9 et dor\u00e9.<\/p>\n<p>Provient d&rsquo;une collection particuli\u00e8re.<\/p>\n<p>Dimensions : Cadre : h.39 cm x l.29 cm. \/ Toile : h.21,5 cm x l.11,5 cm.<\/p>\n<p><em>Louis Alexandre Marie Nattero est n\u00e9 le 16 octobre 1870 \u00e0 Marseille. Il est plac\u00e9 dans un orphelinat \u00e0 l&rsquo;\u00e2ge de 10 ans. Tr\u00e8s vite, il se met \u00e0 dessiner puis s&rsquo;oriente vers la peinture.\u00a0<\/em><br \/>\n<em>Entre 1896 et 1897, il fr\u00e9quente l&rsquo;\u00e9cole nationale sup\u00e9rieur des Beaux-Arts de Paris, o\u00f9 il est l&rsquo;\u00e9l\u00e8ve\u00a0 de L\u00e9on Bonnat.<\/em><br \/>\n<em>Il retourne ensuite \u00e0 Toulon, puis se fixe d\u00e9finitivement \u00e0 Marseille. Son talent est rapidement reconnu et ses tableaux remportent un vif succ\u00e8s \u00e0 partir de 1905, et il participe \u00e0 la plupart des salons de la r\u00e9gion. Il se suicide le 10 novembre 1915.\u00a0<\/em><\/p>","protected":false},"excerpt":{"rendered":"<p>Port de Marseille, huile sur toile sign\u00e9e Louis Nattero (1870-1915) [&hellip;]<\/p>","protected":false},"featured_media":2358,"template":"","meta":[],"product_cat":[41,30],"product_tag":[134,64,131,132,133],"_links":{"self":[{"href":"https:\/\/www.didascalies.art\/en\/wp-json\/wp\/v2\/product\/2357"}],"collection":[{"href":"https:\/\/www.didascalies.art\/en\/wp-json\/wp\/v2\/product"}],"about":[{"href":"https:\/\/www.didascalies.art\/en\/wp-json\/wp\/v2\/types\/product"}],"wp:featuredmedia":[{"embeddable":true,"href":"https:\/\/www.didascalies.art\/en\/wp-json\/wp\/v2\/media\/2358"}],"wp:attachment":[{"href":"https:\/\/www.didascalies.art\/en\/wp-json\/wp\/v2\/media?parent=2357"}],"wp:term":[{"taxonomy":"product_cat","embeddable":true,"href":"https:\/\/www.didascalies.art\/en\/wp-json\/wp\/v2\/product_cat?post=2357"},{"taxonomy":"product_tag","embeddable":true,"href":"https:\/\/www.didascalies.art\/en\/wp-json\/wp\/v2\/product_tag?post=2357"}],"curies":[{"name":"wp","href":"https:\/\/api.w.org\/{rel}","templated":true}]}}