{"id":2404,"date":"2023-03-06T16:35:55","date_gmt":"2023-03-06T15:35:55","guid":{"rendered":"https:\/\/www.didascalies.art\/?post_type=product&#038;p=2404"},"modified":"2024-05-25T16:27:04","modified_gmt":"2024-05-25T14:27:04","slug":"miroir-genes-1750","status":"publish","type":"product","link":"https:\/\/www.didascalies.art\/en\/product\/miroir-genes-1750\/","title":{"rendered":"Miroir d\u2019entre-deux en bois sculpt\u00e9 et dor\u00e9, G\u00eanes vers 1750"},"content":{"rendered":"<div class=\"titre\">Miroir en bois de tilleul sculpt\u00e9 et dor\u00e9 \u00e0 la feuille.<\/div>\n<div class=\"texte\">\n<p>Mod\u00e8le de forme violon\u00e9, constitu\u00e9 d\u2019agrafes d\u2019acanthes agr\u00e9ment\u00e9es de rocailles en cr\u00eate de coq finement sculpt\u00e9es.<br \/>\nLe fronton \u00e0 parecloses est orn\u00e9 d\u2019une grande feuille acanthe asym\u00e9trique.<\/p>\n<p>Tr\u00e9s bel \u00e9tat de conservation, glaces d\u2019origine en deux parties au mercure.<\/p>\n<p>Parquetage en r\u00e9sineux et dorure d\u2019origine.<\/p>\n<p>Travail Italien, G\u00eanes vers 1750.<\/p>\n<p>Dimensions :<br \/>\nHauteur : 144 cm ; Largeur : 80 cm<\/p>\n<p><em>Le format assez \u00e9troit de ce miroir le destinait \u00e0 \u00eatre plac\u00e9 entre deux fen\u00eatres. Avec son d\u00e9cor rocaille, il est caract\u00e9ristique du beau baroque G\u00e9nois assagi encore en vigueur au milieu du 18 \u00e8me si\u00e8cle.<\/em><br \/>\n<em>La finesse de sa sculpture, la raret\u00e9 de ses dimensions, la puret\u00e9 de sa ligne et son \u00e9tat de conservation optimal, avec la dorure, les verres et le parquetage qui sont d\u2019origine, en font une pi\u00e8ce de grande qualit\u00e9, particuli\u00e8rement rare sur le march\u00e9.<\/em><\/p>\n<\/div>","protected":false},"excerpt":{"rendered":"<p>Miroir en bois de tilleul sculpt\u00e9 et dor\u00e9 \u00e0 la [&hellip;]<\/p>","protected":false},"featured_media":2405,"template":"","meta":[],"product_cat":[43,39],"product_tag":[141,140,142],"_links":{"self":[{"href":"https:\/\/www.didascalies.art\/en\/wp-json\/wp\/v2\/product\/2404"}],"collection":[{"href":"https:\/\/www.didascalies.art\/en\/wp-json\/wp\/v2\/product"}],"about":[{"href":"https:\/\/www.didascalies.art\/en\/wp-json\/wp\/v2\/types\/product"}],"wp:featuredmedia":[{"embeddable":true,"href":"https:\/\/www.didascalies.art\/en\/wp-json\/wp\/v2\/media\/2405"}],"wp:attachment":[{"href":"https:\/\/www.didascalies.art\/en\/wp-json\/wp\/v2\/media?parent=2404"}],"wp:term":[{"taxonomy":"product_cat","embeddable":true,"href":"https:\/\/www.didascalies.art\/en\/wp-json\/wp\/v2\/product_cat?post=2404"},{"taxonomy":"product_tag","embeddable":true,"href":"https:\/\/www.didascalies.art\/en\/wp-json\/wp\/v2\/product_tag?post=2404"}],"curies":[{"name":"wp","href":"https:\/\/api.w.org\/{rel}","templated":true}]}}