{"id":2450,"date":"2023-03-28T15:13:37","date_gmt":"2023-03-28T13:13:37","guid":{"rendered":"https:\/\/www.didascalies.art\/?post_type=product&#038;p=2450"},"modified":"2024-01-08T16:50:23","modified_gmt":"2024-01-08T15:50:23","slug":"marquise-depoque-louis-xvi","status":"publish","type":"product","link":"https:\/\/www.didascalies.art\/en\/product\/marquise-depoque-louis-xvi\/","title":{"rendered":"Marquise d&rsquo;\u00e9poque Louis XVI (vendue)"},"content":{"rendered":"<p>Fauteuil dit en \u00ab\u00a0marquise\u00a0\u00bb en bois laqu\u00e9 gris perle, quatre pieds cannel\u00e9s et rudent\u00e9s \u00e0 l\u2019avant, dossier \u00e0 \u00e9chancrure ; certains d\u00e9s de raccordements sculpt\u00e9s de fleurettes.<br \/>\nMarquise de l&rsquo;\u00e9poque Louis XVI, vers 1780<\/p>\n<p>Garniture moderne avec un tissu dans l\u2019esprit du XVIIIe s.<\/p>\n<p>Tr\u00e8s bon \u00e9tat (l\u00e9g\u00e8re tache au revers du coussin).<br \/>\nDimensions : l.78 cm x h.83 cm x p.58 cm.<\/p>\n<p>&nbsp;<\/p>","protected":false},"excerpt":{"rendered":"<p><img class=\"alignnone size-full wp-image-2341\" src=\"https:\/\/www.didascalies.art\/wp-content\/uploads\/2022\/11\/ETIQUETTE-VENDU-150px.png\" alt=\"\" width=\"150\" height=\"43\" srcset=\"https:\/\/www.didascalies.art\/wp-content\/uploads\/2022\/11\/ETIQUETTE-VENDU-150px-18x5.png 18w, https:\/\/www.didascalies.art\/wp-content\/uploads\/2022\/11\/ETIQUETTE-VENDU-150px.png 150w\" sizes=\"(max-width: 150px) 100vw, 150px\" \/><\/p>","protected":false},"featured_media":2451,"template":"","meta":[],"product_cat":[42],"product_tag":[],"_links":{"self":[{"href":"https:\/\/www.didascalies.art\/en\/wp-json\/wp\/v2\/product\/2450"}],"collection":[{"href":"https:\/\/www.didascalies.art\/en\/wp-json\/wp\/v2\/product"}],"about":[{"href":"https:\/\/www.didascalies.art\/en\/wp-json\/wp\/v2\/types\/product"}],"wp:featuredmedia":[{"embeddable":true,"href":"https:\/\/www.didascalies.art\/en\/wp-json\/wp\/v2\/media\/2451"}],"wp:attachment":[{"href":"https:\/\/www.didascalies.art\/en\/wp-json\/wp\/v2\/media?parent=2450"}],"wp:term":[{"taxonomy":"product_cat","embeddable":true,"href":"https:\/\/www.didascalies.art\/en\/wp-json\/wp\/v2\/product_cat?post=2450"},{"taxonomy":"product_tag","embeddable":true,"href":"https:\/\/www.didascalies.art\/en\/wp-json\/wp\/v2\/product_tag?post=2450"}],"curies":[{"name":"wp","href":"https:\/\/api.w.org\/{rel}","templated":true}]}}