{"id":2541,"date":"2023-03-31T16:51:19","date_gmt":"2023-03-31T14:51:19","guid":{"rendered":"https:\/\/www.didascalies.art\/?post_type=product&#038;p=2541"},"modified":"2024-01-08T16:37:36","modified_gmt":"2024-01-08T15:37:36","slug":"bibliotheque-regence","status":"publish","type":"product","link":"https:\/\/www.didascalies.art\/en\/product\/bibliotheque-regence\/","title":{"rendered":"Biblioth\u00e8que en bois de placage, \u00e9poque R\u00e9gence"},"content":{"rendered":"<p>Biblioth\u00e8que en marqueterie de bois de rose en ailes de papillon ouvrant par deux larges portes grillag\u00e9es d\u00e9couvrant cinq \u00e9tag\u00e8res amovibles.<br \/>\nGarniture de bronzes cisel\u00e9s et dor\u00e9s d&rsquo;origine avec notamment un motif \u00e0 la berain sur le contour des portes et sa plinthe . Elle est pourvue d&rsquo;une corniche d\u00e9bordante et repose sur cinq pieds dont deux arrondis.<br \/>\nAucune greffe au placage.<br \/>\nMeuble dont le b\u00e2ti en ch\u00eane de fabrication parisienne.<\/p>\n<p>Fin de l&rsquo;\u00e9poque de la R\u00e9gence et du tout d\u00e9but de l&rsquo;\u00e9poque Louis XV, vers 1725-1730.<\/p>\n<p>Tr\u00e8s bon \u00e9tat g\u00e9n\u00e9ral, se d\u00e9monte int\u00e9gralement pour le transport.<br \/>\nCollection particuli\u00e8re.<br \/>\nDimensions : h. 200 cm x p. 44 cm x l. (avec corniche).186 cm.<\/p>\n<div class=\"fusion-video fusion-selfhosted-video\" style=\"max-width:100%;\"><div class=\"video-wrapper\"><video playsinline=\"true\" width=\"100%\" style=\"object-fit: cover;\" autoplay=\"true\" muted=\"true\" loop=\"true\" preload=\"auto\" controls=\"1\"><source src=\"https:\/\/www.didascalies.art\/wp-content\/uploads\/2023\/03\/Bibliotheque-Regence-.mov\" type=\"video\/mp4\">Sorry, your browser doesn&#039;t support embedded videos.<\/video><\/div><\/div>","protected":false},"excerpt":{"rendered":"<p><img class=\"alignnone size-full wp-image-2858\" src=\"https:\/\/www.didascalies.art\/wp-content\/uploads\/2023\/03\/ETIQUETTE-VENDU-150px.png\" alt=\"\" width=\"150\" height=\"43\" srcset=\"https:\/\/www.didascalies.art\/wp-content\/uploads\/2023\/03\/ETIQUETTE-VENDU-150px-18x5.png 18w, https:\/\/www.didascalies.art\/wp-content\/uploads\/2023\/03\/ETIQUETTE-VENDU-150px.png 150w\" sizes=\"(max-width: 150px) 100vw, 150px\" \/><\/p>","protected":false},"featured_media":2521,"template":"","meta":[],"product_cat":[42],"product_tag":[72,59],"_links":{"self":[{"href":"https:\/\/www.didascalies.art\/en\/wp-json\/wp\/v2\/product\/2541"}],"collection":[{"href":"https:\/\/www.didascalies.art\/en\/wp-json\/wp\/v2\/product"}],"about":[{"href":"https:\/\/www.didascalies.art\/en\/wp-json\/wp\/v2\/types\/product"}],"wp:featuredmedia":[{"embeddable":true,"href":"https:\/\/www.didascalies.art\/en\/wp-json\/wp\/v2\/media\/2521"}],"wp:attachment":[{"href":"https:\/\/www.didascalies.art\/en\/wp-json\/wp\/v2\/media?parent=2541"}],"wp:term":[{"taxonomy":"product_cat","embeddable":true,"href":"https:\/\/www.didascalies.art\/en\/wp-json\/wp\/v2\/product_cat?post=2541"},{"taxonomy":"product_tag","embeddable":true,"href":"https:\/\/www.didascalies.art\/en\/wp-json\/wp\/v2\/product_tag?post=2541"}],"curies":[{"name":"wp","href":"https:\/\/api.w.org\/{rel}","templated":true}]}}