{"id":2543,"date":"2023-03-31T17:24:54","date_gmt":"2023-03-31T15:24:54","guid":{"rendered":"https:\/\/www.didascalies.art\/?post_type=product&#038;p=2543"},"modified":"2024-05-25T16:27:14","modified_gmt":"2024-05-25T14:27:14","slug":"nature-morte-xvii","status":"publish","type":"product","link":"https:\/\/www.didascalies.art\/en\/product\/nature-morte-xvii\/","title":{"rendered":"Nature morte aux citrons, \u00e9cole fran\u00e7aise du XVIIe si\u00e8cle"},"content":{"rendered":"<p>Nature morte, huile sur toile, \u00e9cole fran\u00e7aise du XVIIe si\u00e8cle,<br \/>\nCadre en bois sculpt\u00e9 de feuilles d&rsquo;acanthes et dor\u00e9.<\/p>\n<p>Vers 1680-1690.<\/p>\n<p>Dimensions : Cadre : h.67 cm x l.82 cm.<br \/>\nToile : h.54 cm x l.69 cm<\/p>\n<div class=\"fusion-video fusion-selfhosted-video\" style=\"max-width:100%;\"><div class=\"video-wrapper\"><video playsinline=\"true\" width=\"100%\" style=\"object-fit: cover;\" autoplay=\"true\" muted=\"true\" loop=\"true\" preload=\"auto\" controls=\"1\"><source src=\"https:\/\/www.didascalies.art\/wp-content\/uploads\/2023\/03\/Nature-morte.mov\" type=\"video\/mp4\">Sorry, your browser doesn&#039;t support embedded videos.<\/video><\/div><\/div>","protected":false},"excerpt":{"rendered":"<p>Nature morte, huile sur toile, \u00e9cole fran\u00e7aise du XVIIe si\u00e8cle, [&hellip;]<\/p>","protected":false},"featured_media":2492,"template":"","meta":[],"product_cat":[41,32],"product_tag":[149,47],"_links":{"self":[{"href":"https:\/\/www.didascalies.art\/en\/wp-json\/wp\/v2\/product\/2543"}],"collection":[{"href":"https:\/\/www.didascalies.art\/en\/wp-json\/wp\/v2\/product"}],"about":[{"href":"https:\/\/www.didascalies.art\/en\/wp-json\/wp\/v2\/types\/product"}],"wp:featuredmedia":[{"embeddable":true,"href":"https:\/\/www.didascalies.art\/en\/wp-json\/wp\/v2\/media\/2492"}],"wp:attachment":[{"href":"https:\/\/www.didascalies.art\/en\/wp-json\/wp\/v2\/media?parent=2543"}],"wp:term":[{"taxonomy":"product_cat","embeddable":true,"href":"https:\/\/www.didascalies.art\/en\/wp-json\/wp\/v2\/product_cat?post=2543"},{"taxonomy":"product_tag","embeddable":true,"href":"https:\/\/www.didascalies.art\/en\/wp-json\/wp\/v2\/product_tag?post=2543"}],"curies":[{"name":"wp","href":"https:\/\/api.w.org\/{rel}","templated":true}]}}