{"id":2544,"date":"2023-03-31T17:28:53","date_gmt":"2023-03-31T15:28:53","guid":{"rendered":"https:\/\/www.didascalies.art\/?post_type=product&#038;p=2544"},"modified":"2023-04-16T04:46:39","modified_gmt":"2023-04-16T02:46:39","slug":"2544","status":"publish","type":"product","link":"https:\/\/www.didascalies.art\/en\/product\/2544\/","title":{"rendered":"Paysage avec personnages, XVIIIe si\u00e8cle"},"content":{"rendered":"<div class=\"titre\">Paysage anim\u00e9 de personnages sur fond d&rsquo;architecture, huile sur panneau de bois, Ecole fran\u00e7aise de la seconde moiti\u00e9 du XVIIIe si\u00e8cle, vers 1760<\/div>\n<div class=\"texte\">\n<p>En bon \u00e9tat.<br \/>\nDimensions : h.53,5 cm x l.72,5 cm.<\/p>\n<p><em>Ce tableau est \u00e0 rapprocher de la production d&rsquo;Hubert Robert.<\/em><\/p>\n<\/div>","protected":false},"excerpt":{"rendered":"<p>Paysage anim\u00e9 de personnages sur fond d&rsquo;architecture, huile sur panneau [&hellip;]<\/p>","protected":false},"featured_media":2507,"template":"","meta":[],"product_cat":[41,31],"product_tag":[150],"_links":{"self":[{"href":"https:\/\/www.didascalies.art\/en\/wp-json\/wp\/v2\/product\/2544"}],"collection":[{"href":"https:\/\/www.didascalies.art\/en\/wp-json\/wp\/v2\/product"}],"about":[{"href":"https:\/\/www.didascalies.art\/en\/wp-json\/wp\/v2\/types\/product"}],"wp:featuredmedia":[{"embeddable":true,"href":"https:\/\/www.didascalies.art\/en\/wp-json\/wp\/v2\/media\/2507"}],"wp:attachment":[{"href":"https:\/\/www.didascalies.art\/en\/wp-json\/wp\/v2\/media?parent=2544"}],"wp:term":[{"taxonomy":"product_cat","embeddable":true,"href":"https:\/\/www.didascalies.art\/en\/wp-json\/wp\/v2\/product_cat?post=2544"},{"taxonomy":"product_tag","embeddable":true,"href":"https:\/\/www.didascalies.art\/en\/wp-json\/wp\/v2\/product_tag?post=2544"}],"curies":[{"name":"wp","href":"https:\/\/api.w.org\/{rel}","templated":true}]}}