{"id":2622,"date":"2023-04-13T07:22:20","date_gmt":"2023-04-13T05:22:20","guid":{"rendered":"https:\/\/www.didascalies.art\/?post_type=product&#038;p=2622"},"modified":"2023-04-13T17:22:23","modified_gmt":"2023-04-13T15:22:23","slug":"assiettes-marseille","status":"publish","type":"product","link":"https:\/\/www.didascalies.art\/en\/product\/assiettes-marseille\/","title":{"rendered":"Suite de six assiettes en fa\u00efence de Marseille, XVIIIe si\u00e8cle"},"content":{"rendered":"<p>Suite de six assiettes en fa\u00efence de Marseille \u00e0 d\u00e9cor de fleurs sauvages datant du XVIIIe si\u00e8cle (vers 1755).<br \/>\nTrois du m\u00eame mod\u00e8le, deux faisant suite et une solitaire.<br \/>\nManufacture \u00ab\u00a0Veuve Perrin\u00a0\u00bb.<\/p>\n<p>En tr\u00e8s bon \u00e9tat.<br \/>\nPetite \u00e9grenure \u00e0 l&rsquo;une.<\/p>\n<p>Dimensions : diam\u00e8tre : 25,5 cm.<\/p>","protected":false},"excerpt":{"rendered":"<p>Suite de six assiettes en fa\u00efence de Marseille \u00e0 d\u00e9cor [&hellip;]<\/p>","protected":false},"featured_media":2574,"template":"","meta":[],"product_cat":[39,31],"product_tag":[159,160,64,161],"_links":{"self":[{"href":"https:\/\/www.didascalies.art\/en\/wp-json\/wp\/v2\/product\/2622"}],"collection":[{"href":"https:\/\/www.didascalies.art\/en\/wp-json\/wp\/v2\/product"}],"about":[{"href":"https:\/\/www.didascalies.art\/en\/wp-json\/wp\/v2\/types\/product"}],"wp:featuredmedia":[{"embeddable":true,"href":"https:\/\/www.didascalies.art\/en\/wp-json\/wp\/v2\/media\/2574"}],"wp:attachment":[{"href":"https:\/\/www.didascalies.art\/en\/wp-json\/wp\/v2\/media?parent=2622"}],"wp:term":[{"taxonomy":"product_cat","embeddable":true,"href":"https:\/\/www.didascalies.art\/en\/wp-json\/wp\/v2\/product_cat?post=2622"},{"taxonomy":"product_tag","embeddable":true,"href":"https:\/\/www.didascalies.art\/en\/wp-json\/wp\/v2\/product_tag?post=2622"}],"curies":[{"name":"wp","href":"https:\/\/api.w.org\/{rel}","templated":true}]}}