{"id":2632,"date":"2023-04-15T13:51:14","date_gmt":"2023-04-15T11:51:14","guid":{"rendered":"https:\/\/www.didascalies.art\/?post_type=product&#038;p=2632"},"modified":"2024-05-25T16:25:36","modified_gmt":"2024-05-25T14:25:36","slug":"cassolettes","status":"publish","type":"product","link":"https:\/\/www.didascalies.art\/en\/product\/cassolettes\/","title":{"rendered":"Paire de cassolettes en marbre, Italie fin XIXe si\u00e8cle (VENDU)"},"content":{"rendered":"<p>Paire de cassolettes en marbre jaune de Sienne \u00e0 larges veines orn\u00e9es de bronzes dor\u00e9s, richement orn\u00e9s et cisel\u00e9s. Prises en forme de cygnes retenant une large palmette ajour\u00e9e et reposant sur un pied en bronze d\u00e9cor\u00e9 de feuilles d&rsquo;acanthes, termin\u00e9s par un socle en marbre de forme carr\u00e9e.<\/p>\n<p>Couvercle d\u00e9cor\u00e9 d&rsquo;une pomme de pin avec une couronne de fleurs au centre.<\/p>\n<p>Epoque Napol\u00e9on III, vers 1860, Italie.<\/p>\n<p>Provenant d&rsquo;une collection romaine, rest\u00e9es toujours dans la m\u00eame famille.<br \/>\nEn tr\u00e8s bon \u00e9tat.<br \/>\nDimensions : h.45 cm x l.17 cm x p. 14 cm.<\/p>","protected":false},"excerpt":{"rendered":"<p><img class=\"alignnone size-full wp-image-2858\" src=\"https:\/\/www.didascalies.art\/wp-content\/uploads\/2023\/03\/ETIQUETTE-VENDU-150px.png\" alt=\"\" width=\"150\" height=\"43\" srcset=\"https:\/\/www.didascalies.art\/wp-content\/uploads\/2023\/03\/ETIQUETTE-VENDU-150px-18x5.png 18w, https:\/\/www.didascalies.art\/wp-content\/uploads\/2023\/03\/ETIQUETTE-VENDU-150px.png 150w\" sizes=\"(max-width: 150px) 100vw, 150px\" \/><\/p>","protected":false},"featured_media":2633,"template":"","meta":[],"product_cat":[39,30],"product_tag":[163,164],"_links":{"self":[{"href":"https:\/\/www.didascalies.art\/en\/wp-json\/wp\/v2\/product\/2632"}],"collection":[{"href":"https:\/\/www.didascalies.art\/en\/wp-json\/wp\/v2\/product"}],"about":[{"href":"https:\/\/www.didascalies.art\/en\/wp-json\/wp\/v2\/types\/product"}],"wp:featuredmedia":[{"embeddable":true,"href":"https:\/\/www.didascalies.art\/en\/wp-json\/wp\/v2\/media\/2633"}],"wp:attachment":[{"href":"https:\/\/www.didascalies.art\/en\/wp-json\/wp\/v2\/media?parent=2632"}],"wp:term":[{"taxonomy":"product_cat","embeddable":true,"href":"https:\/\/www.didascalies.art\/en\/wp-json\/wp\/v2\/product_cat?post=2632"},{"taxonomy":"product_tag","embeddable":true,"href":"https:\/\/www.didascalies.art\/en\/wp-json\/wp\/v2\/product_tag?post=2632"}],"curies":[{"name":"wp","href":"https:\/\/api.w.org\/{rel}","templated":true}]}}