{"id":2685,"date":"2023-04-16T04:25:57","date_gmt":"2023-04-16T02:25:57","guid":{"rendered":"https:\/\/www.didascalies.art\/?post_type=product&#038;p=2685"},"modified":"2024-01-08T16:49:25","modified_gmt":"2024-01-08T15:49:25","slug":"lustre-cage-1800","status":"publish","type":"product","link":"https:\/\/www.didascalies.art\/en\/product\/lustre-cage-1800\/","title":{"rendered":"Grand lustre cage, vers 1800 en cristal taill\u00e9 (VENDU)"},"content":{"rendered":"<p>Grand lustre cage datant du tout d\u00e9but du XIXe si\u00e8cle en cristal taill\u00e9, \u00e9clairant par six bras de lumi\u00e8res altern\u00e9s de poignards se terminant par une grosse boule \u00e0 facettes.<br \/>\nPlaquettes de cristal aux formes vari\u00e9es dont certaines du XVIIIe.<\/p>\n<p>Non \u00e9lectrifi\u00e9.<br \/>\nBon \u00e9tat.<br \/>\nCollection particuli\u00e8re.<br \/>\nDimensions : h.87 cm x l.55 cm.<\/p>","protected":false},"excerpt":{"rendered":"<p><img class=\"alignnone size-full wp-image-2341\" src=\"https:\/\/www.didascalies.art\/wp-content\/uploads\/2022\/11\/ETIQUETTE-VENDU-150px.png\" alt=\"\" width=\"150\" height=\"43\" srcset=\"https:\/\/www.didascalies.art\/wp-content\/uploads\/2022\/11\/ETIQUETTE-VENDU-150px-18x5.png 18w, https:\/\/www.didascalies.art\/wp-content\/uploads\/2022\/11\/ETIQUETTE-VENDU-150px.png 150w\" sizes=\"(max-width: 150px) 100vw, 150px\" \/><\/p>","protected":false},"featured_media":2625,"template":"","meta":[],"product_cat":[43,30,31],"product_tag":[166,153,165],"_links":{"self":[{"href":"https:\/\/www.didascalies.art\/en\/wp-json\/wp\/v2\/product\/2685"}],"collection":[{"href":"https:\/\/www.didascalies.art\/en\/wp-json\/wp\/v2\/product"}],"about":[{"href":"https:\/\/www.didascalies.art\/en\/wp-json\/wp\/v2\/types\/product"}],"wp:featuredmedia":[{"embeddable":true,"href":"https:\/\/www.didascalies.art\/en\/wp-json\/wp\/v2\/media\/2625"}],"wp:attachment":[{"href":"https:\/\/www.didascalies.art\/en\/wp-json\/wp\/v2\/media?parent=2685"}],"wp:term":[{"taxonomy":"product_cat","embeddable":true,"href":"https:\/\/www.didascalies.art\/en\/wp-json\/wp\/v2\/product_cat?post=2685"},{"taxonomy":"product_tag","embeddable":true,"href":"https:\/\/www.didascalies.art\/en\/wp-json\/wp\/v2\/product_tag?post=2685"}],"curies":[{"name":"wp","href":"https:\/\/api.w.org\/{rel}","templated":true}]}}