{"id":2712,"date":"2023-04-17T04:21:12","date_gmt":"2023-04-17T02:21:12","guid":{"rendered":"https:\/\/www.didascalies.art\/?post_type=product&#038;p=2712"},"modified":"2023-04-17T04:21:13","modified_gmt":"2023-04-17T02:21:13","slug":"madeleine-penitente-ecole-francaise-debut-xviiie","status":"publish","type":"product","link":"https:\/\/www.didascalies.art\/en\/product\/madeleine-penitente-ecole-francaise-debut-xviiie\/","title":{"rendered":"Madeleine p\u00e9nitente &#8211; \u00c9cole fran\u00e7aise d\u00e9but XVIIIe"},"content":{"rendered":"<p>Huile sur panneau de cuivre repr\u00e9sentant une Madeleine p\u00e9nitente, \u00e9cole Fran\u00e7aise du d\u00e9but du XVIIIe si\u00e8cle.<br \/>\nBon \u00e9tat.<br \/>\nDimensions : h.33 cm x l.25 cm.<\/p>","protected":false},"excerpt":{"rendered":"<p>Huile sur panneau de cuivre repr\u00e9sentant une Madeleine p\u00e9nitente, \u00e9cole [&hellip;]<\/p>","protected":false},"featured_media":2713,"template":"","meta":[],"product_cat":[41,31],"product_tag":[170,169],"_links":{"self":[{"href":"https:\/\/www.didascalies.art\/en\/wp-json\/wp\/v2\/product\/2712"}],"collection":[{"href":"https:\/\/www.didascalies.art\/en\/wp-json\/wp\/v2\/product"}],"about":[{"href":"https:\/\/www.didascalies.art\/en\/wp-json\/wp\/v2\/types\/product"}],"wp:featuredmedia":[{"embeddable":true,"href":"https:\/\/www.didascalies.art\/en\/wp-json\/wp\/v2\/media\/2713"}],"wp:attachment":[{"href":"https:\/\/www.didascalies.art\/en\/wp-json\/wp\/v2\/media?parent=2712"}],"wp:term":[{"taxonomy":"product_cat","embeddable":true,"href":"https:\/\/www.didascalies.art\/en\/wp-json\/wp\/v2\/product_cat?post=2712"},{"taxonomy":"product_tag","embeddable":true,"href":"https:\/\/www.didascalies.art\/en\/wp-json\/wp\/v2\/product_tag?post=2712"}],"curies":[{"name":"wp","href":"https:\/\/api.w.org\/{rel}","templated":true}]}}