{"id":2838,"date":"2023-08-07T12:52:19","date_gmt":"2023-08-07T10:52:19","guid":{"rendered":"https:\/\/www.didascalies.art\/?post_type=product&#038;p=2838"},"modified":"2023-08-08T14:29:34","modified_gmt":"2023-08-08T12:29:34","slug":"miroir-prov-parecloses","status":"publish","type":"product","link":"https:\/\/www.didascalies.art\/en\/product\/miroir-prov-parecloses\/","title":{"rendered":"Important miroir proven\u00e7al \u00e0 parecloses, \u00e9poque Louis XV"},"content":{"rendered":"<p>Important miroir \u00e0 parecloses, \u00e9poque Louis XV, XVIIIe si\u00e8cle vers 1755, originaire de la Provence, en bois, orn\u00e9 de feuilles d&rsquo;acanthes, de volutes, de fleurs et de fruits ainsi que de feuillages. Il repose sur deux pieds galb\u00e9s.<br \/>\nSes miroirs sont d&rsquo;origine ainsi que ses fonds.<\/p>\n<p>Miroir d&rsquo;apparat provenant d&rsquo;un h\u00f4tel particulier aixois.<br \/>\nEn tr\u00e8s bon \u00e9tat.<br \/>\nDimensions : h.170 cm x l.85 cm.<\/p>","protected":false},"excerpt":{"rendered":"<p>Important miroir \u00e0 parecloses, \u00e9poque Louis XV, XVIIIe si\u00e8cle vers [&hellip;]<\/p>","protected":false},"featured_media":2828,"template":"","meta":[],"product_cat":[43,42,51,31],"product_tag":[185,140,142,146,190],"_links":{"self":[{"href":"https:\/\/www.didascalies.art\/en\/wp-json\/wp\/v2\/product\/2838"}],"collection":[{"href":"https:\/\/www.didascalies.art\/en\/wp-json\/wp\/v2\/product"}],"about":[{"href":"https:\/\/www.didascalies.art\/en\/wp-json\/wp\/v2\/types\/product"}],"wp:featuredmedia":[{"embeddable":true,"href":"https:\/\/www.didascalies.art\/en\/wp-json\/wp\/v2\/media\/2828"}],"wp:attachment":[{"href":"https:\/\/www.didascalies.art\/en\/wp-json\/wp\/v2\/media?parent=2838"}],"wp:term":[{"taxonomy":"product_cat","embeddable":true,"href":"https:\/\/www.didascalies.art\/en\/wp-json\/wp\/v2\/product_cat?post=2838"},{"taxonomy":"product_tag","embeddable":true,"href":"https:\/\/www.didascalies.art\/en\/wp-json\/wp\/v2\/product_tag?post=2838"}],"curies":[{"name":"wp","href":"https:\/\/api.w.org\/{rel}","templated":true}]}}