{"id":2868,"date":"2023-08-08T14:25:29","date_gmt":"2023-08-08T12:25:29","guid":{"rendered":"https:\/\/www.didascalies.art\/?post_type=product&#038;p=2868"},"modified":"2024-05-25T16:27:20","modified_gmt":"2024-05-25T14:27:20","slug":"table-hollandaise","status":"publish","type":"product","link":"https:\/\/www.didascalies.art\/en\/product\/table-hollandaise\/","title":{"rendered":"Table de milieu d&rsquo;apparat d&rsquo;origine hollandaise, premi\u00e8re moiti\u00e9 du XIXe si\u00e8cle"},"content":{"rendered":"<p>Table d&rsquo;apparat en marqueterie et poirier noirci, reposant sur quatre colonnes torsad\u00e9es termin\u00e9es par des pieds boules. Une entretoise marquet\u00e9e de fleurs et d&rsquo;incrustations d&rsquo;ivoire et d&rsquo;\u00e9b\u00e8ne. Elle ouvre par un tiroir ouvrant sur la ceinture d\u00e9cor\u00e9e sur ses quatre cot\u00e9s.<br \/>\nLe plateau est orn\u00e9 de fleurs, de feuilles d&rsquo;acanthes, de feuillages, de crossettes, de volutes, ainsi que d&rsquo;un pot \u00e0 feu. Le pourtour du plateau avec un d\u00e9cor en ivoire et \u00e9b\u00e8ne.<br \/>\nLes bois utilis\u00e9s sont le bois de rose et l&rsquo;\u00e9b\u00e8ne pour la marqueterie, et le poirier noirci pour les colonnes.<\/p>\n<p>En tr\u00e8s bon \u00e9tat;<br \/>\nDimensions : h.74 cm x l.101 cm x p.67 cm.<\/p>\n<p><em>Ce meuble est inspir\u00e9 par celui du grand \u00e9b\u00e9niste Pierre Gole, (n\u00e9 vers 1620 \u00e0 Bergen, en Hollande, et mort le 27 novembre 1684 \u00e0 Paris), au service de Louis XIV.<\/em><\/p>","protected":false},"excerpt":{"rendered":"<p>Table d&rsquo;apparat en marqueterie et poirier noirci, reposant sur quatre [&hellip;]<\/p>","protected":false},"featured_media":2859,"template":"","meta":[],"product_cat":[42,30],"product_tag":[196,197,195,198],"_links":{"self":[{"href":"https:\/\/www.didascalies.art\/en\/wp-json\/wp\/v2\/product\/2868"}],"collection":[{"href":"https:\/\/www.didascalies.art\/en\/wp-json\/wp\/v2\/product"}],"about":[{"href":"https:\/\/www.didascalies.art\/en\/wp-json\/wp\/v2\/types\/product"}],"wp:featuredmedia":[{"embeddable":true,"href":"https:\/\/www.didascalies.art\/en\/wp-json\/wp\/v2\/media\/2859"}],"wp:attachment":[{"href":"https:\/\/www.didascalies.art\/en\/wp-json\/wp\/v2\/media?parent=2868"}],"wp:term":[{"taxonomy":"product_cat","embeddable":true,"href":"https:\/\/www.didascalies.art\/en\/wp-json\/wp\/v2\/product_cat?post=2868"},{"taxonomy":"product_tag","embeddable":true,"href":"https:\/\/www.didascalies.art\/en\/wp-json\/wp\/v2\/product_tag?post=2868"}],"curies":[{"name":"wp","href":"https:\/\/api.w.org\/{rel}","templated":true}]}}