{"id":2869,"date":"2023-08-08T15:35:07","date_gmt":"2023-08-08T13:35:07","guid":{"rendered":"https:\/\/www.didascalies.art\/?post_type=product&#038;p=2869"},"modified":"2024-01-08T16:32:48","modified_gmt":"2024-01-08T15:32:48","slug":"tete-dours-blanc","status":"publish","type":"product","link":"https:\/\/www.didascalies.art\/en\/product\/tete-dours-blanc\/","title":{"rendered":"T\u00eate d\u2019ours blanc, \u0153uvre originale de Marie-Agn\u00e8s Jacquet"},"content":{"rendered":"<p>Sculpture en micro mosa\u00efque de verre<\/p>\n<p>35 x 30 x 50 cm<\/p>\n<div class=\"fusion-video fusion-selfhosted-video\" style=\"max-width:100%;\"><div class=\"video-wrapper\"><video playsinline=\"true\" width=\"100%\" style=\"object-fit: cover;\" autoplay=\"true\" muted=\"true\" loop=\"true\" preload=\"auto\" controls=\"1\"><source src=\"https:\/\/www.didascalies.art\/wp-content\/uploads\/2023\/08\/Mosaiques-Agnes-Jacquet.mov\" type=\"video\/mp4\">Sorry, your browser doesn&#039;t support embedded videos.<\/video><\/div><\/div>","protected":false},"excerpt":{"rendered":"<p>Sculpture en micro mosa\u00efque de verre 35 x 30 x [&hellip;]<\/p>","protected":false},"featured_media":2875,"template":"","meta":[],"product_cat":[43,39,199],"product_tag":[200,201],"_links":{"self":[{"href":"https:\/\/www.didascalies.art\/en\/wp-json\/wp\/v2\/product\/2869"}],"collection":[{"href":"https:\/\/www.didascalies.art\/en\/wp-json\/wp\/v2\/product"}],"about":[{"href":"https:\/\/www.didascalies.art\/en\/wp-json\/wp\/v2\/types\/product"}],"wp:featuredmedia":[{"embeddable":true,"href":"https:\/\/www.didascalies.art\/en\/wp-json\/wp\/v2\/media\/2875"}],"wp:attachment":[{"href":"https:\/\/www.didascalies.art\/en\/wp-json\/wp\/v2\/media?parent=2869"}],"wp:term":[{"taxonomy":"product_cat","embeddable":true,"href":"https:\/\/www.didascalies.art\/en\/wp-json\/wp\/v2\/product_cat?post=2869"},{"taxonomy":"product_tag","embeddable":true,"href":"https:\/\/www.didascalies.art\/en\/wp-json\/wp\/v2\/product_tag?post=2869"}],"curies":[{"name":"wp","href":"https:\/\/api.w.org\/{rel}","templated":true}]}}