{"id":2906,"date":"2023-08-29T12:34:53","date_gmt":"2023-08-29T10:34:53","guid":{"rendered":"https:\/\/www.didascalies.art\/?post_type=product&#038;p=2906"},"modified":"2024-01-09T09:47:57","modified_gmt":"2024-01-09T08:47:57","slug":"legumier","status":"publish","type":"product","link":"https:\/\/www.didascalies.art\/en\/product\/legumier\/","title":{"rendered":"L\u00e9gumier couvert en fa\u00efence de Moustiers, \u00e9poque Louis XV (vendu)"},"content":{"rendered":"<p>L\u00e9gumier couvert en fa\u00efence de Moustiers \u00e0 d\u00e9cor de fleurs et de feuillages datant de la p\u00e9riode Louis XV, vers 1755.<\/p>\n<p>En l&rsquo;\u00e9tat (restaurations, accidents)<br \/>\nDimensions : h.16 cm x l.32 cm x p.22 cm.<\/p>","protected":false},"excerpt":{"rendered":"<p><img class=\"alignnone size-full wp-image-2341\" src=\"https:\/\/www.didascalies.art\/wp-content\/uploads\/2022\/11\/ETIQUETTE-VENDU-150px.png\" alt=\"\" width=\"150\" height=\"43\" srcset=\"https:\/\/www.didascalies.art\/wp-content\/uploads\/2022\/11\/ETIQUETTE-VENDU-150px-18x5.png 18w, https:\/\/www.didascalies.art\/wp-content\/uploads\/2022\/11\/ETIQUETTE-VENDU-150px.png 150w\" sizes=\"(max-width: 150px) 100vw, 150px\" \/><\/p>","protected":false},"featured_media":2892,"template":"","meta":[],"product_cat":[39,31],"product_tag":[160,206],"_links":{"self":[{"href":"https:\/\/www.didascalies.art\/en\/wp-json\/wp\/v2\/product\/2906"}],"collection":[{"href":"https:\/\/www.didascalies.art\/en\/wp-json\/wp\/v2\/product"}],"about":[{"href":"https:\/\/www.didascalies.art\/en\/wp-json\/wp\/v2\/types\/product"}],"wp:featuredmedia":[{"embeddable":true,"href":"https:\/\/www.didascalies.art\/en\/wp-json\/wp\/v2\/media\/2892"}],"wp:attachment":[{"href":"https:\/\/www.didascalies.art\/en\/wp-json\/wp\/v2\/media?parent=2906"}],"wp:term":[{"taxonomy":"product_cat","embeddable":true,"href":"https:\/\/www.didascalies.art\/en\/wp-json\/wp\/v2\/product_cat?post=2906"},{"taxonomy":"product_tag","embeddable":true,"href":"https:\/\/www.didascalies.art\/en\/wp-json\/wp\/v2\/product_tag?post=2906"}],"curies":[{"name":"wp","href":"https:\/\/api.w.org\/{rel}","templated":true}]}}