{"id":2951,"date":"2023-12-06T08:58:51","date_gmt":"2023-12-06T07:58:51","guid":{"rendered":"https:\/\/www.didascalies.art\/?post_type=product&#038;p=2951"},"modified":"2024-01-08T16:33:12","modified_gmt":"2024-01-08T15:33:12","slug":"commode-provencale","status":"publish","type":"product","link":"https:\/\/www.didascalies.art\/en\/product\/commode-provencale\/","title":{"rendered":"Commode proven\u00e7ale en noyer, \u00e9poque Louis XV"},"content":{"rendered":"<p>Commode proven\u00e7ale en noyer blond ouvrant par trois tiroirs en fa\u00e7ade, \u00e9poque louis XV, vers 1750, XVIIIe si\u00e8cle.<br \/>\nFa\u00e7ade l\u00e9g\u00e8rement galb\u00e9e, commode reposant sur des pieds dits \u00ab\u00a0en escargot\u00a0\u00bb, tiroirs d\u00e9cor\u00e9s de cartouches, c\u00f4t\u00e9s mont\u00e9s en tablier. Belle garniture de bronzes dor\u00e9s en forme de feuillages. Plateau de marbre bleu turquin.<br \/>\nTr\u00e8s bon \u00e9tat.<br \/>\nProvient d&rsquo;une bastide aixoise.<br \/>\nDimensions : h.93 cm x l.120 cm x p.60 cm.<\/p>","protected":false},"excerpt":{"rendered":"<p>Commode proven\u00e7ale en noyer blond ouvrant par trois tiroirs en [&hellip;]<\/p>","protected":false},"featured_media":2952,"template":"","meta":[],"product_cat":[42,31],"product_tag":[185,210,184,209,190],"_links":{"self":[{"href":"https:\/\/www.didascalies.art\/en\/wp-json\/wp\/v2\/product\/2951"}],"collection":[{"href":"https:\/\/www.didascalies.art\/en\/wp-json\/wp\/v2\/product"}],"about":[{"href":"https:\/\/www.didascalies.art\/en\/wp-json\/wp\/v2\/types\/product"}],"wp:featuredmedia":[{"embeddable":true,"href":"https:\/\/www.didascalies.art\/en\/wp-json\/wp\/v2\/media\/2952"}],"wp:attachment":[{"href":"https:\/\/www.didascalies.art\/en\/wp-json\/wp\/v2\/media?parent=2951"}],"wp:term":[{"taxonomy":"product_cat","embeddable":true,"href":"https:\/\/www.didascalies.art\/en\/wp-json\/wp\/v2\/product_cat?post=2951"},{"taxonomy":"product_tag","embeddable":true,"href":"https:\/\/www.didascalies.art\/en\/wp-json\/wp\/v2\/product_tag?post=2951"}],"curies":[{"name":"wp","href":"https:\/\/api.w.org\/{rel}","templated":true}]}}