{"id":2977,"date":"2024-01-03T08:02:59","date_gmt":"2024-01-03T07:02:59","guid":{"rendered":"https:\/\/www.didascalies.art\/?post_type=product&#038;p=2977"},"modified":"2024-05-25T16:24:21","modified_gmt":"2024-05-25T14:24:21","slug":"hms-victory","status":"publish","type":"product","link":"https:\/\/www.didascalies.art\/en\/product\/hms-victory\/","title":{"rendered":"Le HMS Victory, maquette de bateau en bois, fin du XIXe si\u00e8cle"},"content":{"rendered":"<p>Exceptionnelle maquette de bateau en bois anim\u00e9e de personnages, repr\u00e9sentant le \u00ab\u00a0HMS Victory\u00a0\u00bb, fin XIXe s., vers 1880<\/p>\n<p>Bon \u00e9tat<\/p>\n<p>Dimensions : h.70 cm x l.108 cm.<\/p>\n<p><em>Le HMS Victory \u00e9tait le vaisseau de l&rsquo;amiral Nelson lors de la bataille de Trafalgar. Il participa \u00e0 une succession de victoires \u00e0 la t\u00eate de la flotte britannique entre 1778 et 1812. Aujourd&rsquo;hui le HMS Victory est la pi\u00e8ce maitresse du Royal Naval Museum \u00e0 Portsmouth. Cette maquette est la reproduction fid\u00e8le du navire avec un souci du d\u00e9tail et une qualit\u00e9 d&rsquo;ex\u00e9cution remarquable.<\/em><br \/>\nElle date de la fin du XIXe si\u00e8cle , vers 1880.<\/p>","protected":false},"excerpt":{"rendered":"<p>Exceptionnelle maquette de bateau en bois anim\u00e9e de personnages, repr\u00e9sentant [&hellip;]<\/p>","protected":false},"featured_media":2964,"template":"","meta":[],"product_cat":[39],"product_tag":[],"_links":{"self":[{"href":"https:\/\/www.didascalies.art\/en\/wp-json\/wp\/v2\/product\/2977"}],"collection":[{"href":"https:\/\/www.didascalies.art\/en\/wp-json\/wp\/v2\/product"}],"about":[{"href":"https:\/\/www.didascalies.art\/en\/wp-json\/wp\/v2\/types\/product"}],"wp:featuredmedia":[{"embeddable":true,"href":"https:\/\/www.didascalies.art\/en\/wp-json\/wp\/v2\/media\/2964"}],"wp:attachment":[{"href":"https:\/\/www.didascalies.art\/en\/wp-json\/wp\/v2\/media?parent=2977"}],"wp:term":[{"taxonomy":"product_cat","embeddable":true,"href":"https:\/\/www.didascalies.art\/en\/wp-json\/wp\/v2\/product_cat?post=2977"},{"taxonomy":"product_tag","embeddable":true,"href":"https:\/\/www.didascalies.art\/en\/wp-json\/wp\/v2\/product_tag?post=2977"}],"curies":[{"name":"wp","href":"https:\/\/api.w.org\/{rel}","templated":true}]}}