{"id":3010,"date":"2024-01-11T09:22:46","date_gmt":"2024-01-11T08:22:46","guid":{"rendered":"https:\/\/www.didascalies.art\/?post_type=product&#038;p=3010"},"modified":"2024-05-25T16:23:17","modified_gmt":"2024-05-25T14:23:17","slug":"portrait-xvii","status":"publish","type":"product","link":"https:\/\/www.didascalies.art\/en\/product\/portrait-xvii\/","title":{"rendered":"Portrait de dame \u00e0 la collerette, \u00e9cole hollandaise du XVIIe si\u00e8cle"},"content":{"rendered":"<p>Portrait une dame \u00e0 la collerette, sur panneau de bois, \u00e9cole hollandaise, d\u00e9but du XVIIe si\u00e8cle, attribu\u00e9 au peintre hollandais Michiel Jansz. van Mierevelt, Mierveld (n\u00e9 \u00e0 Delft le 1er mai 1566 et mort dans la m\u00eame ville le 27 juin 1641)<\/p>\n<p>En bon \u00e9tat, restauration d&rsquo;usage, compl\u00e9t\u00e9 par un beau cadre en bois sculpt\u00e9 du XVIIe si\u00e8cle.<\/p>\n<p>Dimensions : Cadre : h.96 cm x l.82,7 cm.<br \/>\nPanneau de bois : h.64,5 cm x l.51,5 cm.<\/p>\n<p>&nbsp;<\/p>","protected":false},"excerpt":{"rendered":"<p>Portrait une dame \u00e0 la collerette, sur panneau de bois, [&hellip;]<\/p>","protected":false},"featured_media":2993,"template":"","meta":[],"product_cat":[41,32],"product_tag":[205,208,47],"_links":{"self":[{"href":"https:\/\/www.didascalies.art\/en\/wp-json\/wp\/v2\/product\/3010"}],"collection":[{"href":"https:\/\/www.didascalies.art\/en\/wp-json\/wp\/v2\/product"}],"about":[{"href":"https:\/\/www.didascalies.art\/en\/wp-json\/wp\/v2\/types\/product"}],"wp:featuredmedia":[{"embeddable":true,"href":"https:\/\/www.didascalies.art\/en\/wp-json\/wp\/v2\/media\/2993"}],"wp:attachment":[{"href":"https:\/\/www.didascalies.art\/en\/wp-json\/wp\/v2\/media?parent=3010"}],"wp:term":[{"taxonomy":"product_cat","embeddable":true,"href":"https:\/\/www.didascalies.art\/en\/wp-json\/wp\/v2\/product_cat?post=3010"},{"taxonomy":"product_tag","embeddable":true,"href":"https:\/\/www.didascalies.art\/en\/wp-json\/wp\/v2\/product_tag?post=3010"}],"curies":[{"name":"wp","href":"https:\/\/api.w.org\/{rel}","templated":true}]}}