{"id":3025,"date":"2024-01-17T10:55:52","date_gmt":"2024-01-17T09:55:52","guid":{"rendered":"https:\/\/www.didascalies.art\/?post_type=product&#038;p=3025"},"modified":"2024-05-25T15:41:57","modified_gmt":"2024-05-25T13:41:57","slug":"aumone","status":"publish","type":"product","link":"https:\/\/www.didascalies.art\/en\/product\/aumone\/","title":{"rendered":"L&rsquo;aum\u00f4ne, \u00e9cole fran\u00e7aise du XVIIIe si\u00e8cle"},"content":{"rendered":"<p>Huile sur toile repr\u00e9sentant une sc\u00e8ne de genre, \u00ab\u00a0L&rsquo;aum\u00f4ne\u00a0\u00bb, Ecole fran\u00e7aise de la seconde moiti\u00e9 du XVIIIe si\u00e8cle, cadre en bois sculpt\u00e9 et dor\u00e9 vers 1755, \u00e9poque Louis XV.<\/p>\n<p>En tr\u00e8s bon \u00e9tat.<br \/>\nDimensions : Cadre : h.72 cm x l.63 cm.<br \/>\nToile : h.56 cm x l.46,5 cm.<\/p>\n<p><em>Le portrait central rappelle celui de la marquise de Pompadour ex\u00e9cut\u00e9 par Boucher en 1756.<\/em><\/p>","protected":false},"excerpt":{"rendered":"<p>Huile sur toile repr\u00e9sentant une sc\u00e8ne de genre, \u00ab\u00a0L&rsquo;aum\u00f4ne\u00a0\u00bb, Ecole [&hellip;]<\/p>","protected":false},"featured_media":3012,"template":"","meta":[],"product_cat":[41,31],"product_tag":[185,190],"_links":{"self":[{"href":"https:\/\/www.didascalies.art\/en\/wp-json\/wp\/v2\/product\/3025"}],"collection":[{"href":"https:\/\/www.didascalies.art\/en\/wp-json\/wp\/v2\/product"}],"about":[{"href":"https:\/\/www.didascalies.art\/en\/wp-json\/wp\/v2\/types\/product"}],"wp:featuredmedia":[{"embeddable":true,"href":"https:\/\/www.didascalies.art\/en\/wp-json\/wp\/v2\/media\/3012"}],"wp:attachment":[{"href":"https:\/\/www.didascalies.art\/en\/wp-json\/wp\/v2\/media?parent=3025"}],"wp:term":[{"taxonomy":"product_cat","embeddable":true,"href":"https:\/\/www.didascalies.art\/en\/wp-json\/wp\/v2\/product_cat?post=3025"},{"taxonomy":"product_tag","embeddable":true,"href":"https:\/\/www.didascalies.art\/en\/wp-json\/wp\/v2\/product_tag?post=3025"}],"curies":[{"name":"wp","href":"https:\/\/api.w.org\/{rel}","templated":true}]}}