{"id":3027,"date":"2024-03-11T10:36:48","date_gmt":"2024-03-11T09:36:48","guid":{"rendered":"https:\/\/www.didascalies.art\/?post_type=product&#038;p=3027"},"modified":"2024-05-25T15:41:34","modified_gmt":"2024-05-25T13:41:34","slug":"gentilhomme17e","status":"publish","type":"product","link":"https:\/\/www.didascalies.art\/en\/product\/gentilhomme17e\/","title":{"rendered":"Portrait d&rsquo;un gentilhomme, \u00e9cole hollandaise du XVIIe si\u00e8cle"},"content":{"rendered":"<p>Portrait d&rsquo;homme attribu\u00e9 \u00e0 Nicolas Maes, huile sur panneau de ch\u00eane, cadre en bois, XVIIe s.<\/p>\n<p>Dimensions : Cadre : h.38,5 cm x l.33,5 cm.<br \/>\nBois : h.25 cm x l.20 cm.<\/p>\n<p>Bon \u00e9tat<\/p>\n<p><em>Nicolas Maes n\u00e9 \u00e0 Dordrecht en janvier 1634 et mort \u00e0 Amsterdam le 24 d\u00e9cembre 1693.<\/em><\/p>","protected":false},"excerpt":{"rendered":"<p>Portrait d&rsquo;homme attribu\u00e9 \u00e0 Nicolas Maes, huile sur panneau de [&hellip;]<\/p>","protected":false},"featured_media":3029,"template":"","meta":[],"product_cat":[41,32],"product_tag":[185,205,47],"_links":{"self":[{"href":"https:\/\/www.didascalies.art\/en\/wp-json\/wp\/v2\/product\/3027"}],"collection":[{"href":"https:\/\/www.didascalies.art\/en\/wp-json\/wp\/v2\/product"}],"about":[{"href":"https:\/\/www.didascalies.art\/en\/wp-json\/wp\/v2\/types\/product"}],"wp:featuredmedia":[{"embeddable":true,"href":"https:\/\/www.didascalies.art\/en\/wp-json\/wp\/v2\/media\/3029"}],"wp:attachment":[{"href":"https:\/\/www.didascalies.art\/en\/wp-json\/wp\/v2\/media?parent=3027"}],"wp:term":[{"taxonomy":"product_cat","embeddable":true,"href":"https:\/\/www.didascalies.art\/en\/wp-json\/wp\/v2\/product_cat?post=3027"},{"taxonomy":"product_tag","embeddable":true,"href":"https:\/\/www.didascalies.art\/en\/wp-json\/wp\/v2\/product_tag?post=3027"}],"curies":[{"name":"wp","href":"https:\/\/api.w.org\/{rel}","templated":true}]}}