{"id":3080,"date":"2024-05-25T15:32:44","date_gmt":"2024-05-25T13:32:44","guid":{"rendered":"https:\/\/www.didascalies.art\/?post_type=product&#038;p=3080"},"modified":"2024-05-25T15:33:43","modified_gmt":"2024-05-25T13:33:43","slug":"paire-de-fauteuils-louis-xvi","status":"publish","type":"product","link":"https:\/\/www.didascalies.art\/en\/product\/paire-de-fauteuils-louis-xvi\/","title":{"rendered":"Paire de fauteuils, \u00e9poque Louis XVI"},"content":{"rendered":"<p>Paire de fauteuils en cabriolet en noyer, dossier en \u00ab\u00a0chapeau de gendarme\u00a0\u00bb avec des culots de feuilles d&rsquo;acanthe, pieds et grattoirs cannel\u00e9s, d\u00e9s de raccordement de la ceinture sculpt\u00e9s d&rsquo;une rosette. Epoque Louis XVI, vers 1780,<br \/>\nTissu de recouvrement moderne en bon \u00e9tat.<\/p>\n<p>Dimensions : h.86 cm x l.56,5 cm x p.50 cm.<\/p>","protected":false},"excerpt":{"rendered":"<p>Paire de fauteuils en cabriolet en noyer, dossier en \u00ab\u00a0chapeau [&hellip;]<\/p>","protected":false},"featured_media":3081,"template":"","meta":[],"product_cat":[42,31],"product_tag":[167,219,190],"_links":{"self":[{"href":"https:\/\/www.didascalies.art\/en\/wp-json\/wp\/v2\/product\/3080"}],"collection":[{"href":"https:\/\/www.didascalies.art\/en\/wp-json\/wp\/v2\/product"}],"about":[{"href":"https:\/\/www.didascalies.art\/en\/wp-json\/wp\/v2\/types\/product"}],"wp:featuredmedia":[{"embeddable":true,"href":"https:\/\/www.didascalies.art\/en\/wp-json\/wp\/v2\/media\/3081"}],"wp:attachment":[{"href":"https:\/\/www.didascalies.art\/en\/wp-json\/wp\/v2\/media?parent=3080"}],"wp:term":[{"taxonomy":"product_cat","embeddable":true,"href":"https:\/\/www.didascalies.art\/en\/wp-json\/wp\/v2\/product_cat?post=3080"},{"taxonomy":"product_tag","embeddable":true,"href":"https:\/\/www.didascalies.art\/en\/wp-json\/wp\/v2\/product_tag?post=3080"}],"curies":[{"name":"wp","href":"https:\/\/api.w.org\/{rel}","templated":true}]}}