{"id":3118,"date":"2024-05-25T16:05:23","date_gmt":"2024-05-25T14:05:23","guid":{"rendered":"https:\/\/www.didascalies.art\/?post_type=product&#038;p=3118"},"modified":"2024-05-25T16:06:06","modified_gmt":"2024-05-25T14:06:06","slug":"tuiles-faitieres","status":"publish","type":"product","link":"https:\/\/www.didascalies.art\/en\/product\/tuiles-faitieres\/","title":{"rendered":"Paire de tuiles faiti\u00e8res en terre cuite verniss\u00e9e, Chine, dynastie Ming, fin XVIIe."},"content":{"rendered":"<p>Paire de tuiles faiti\u00e8res en terre cuite verniss\u00e9e \u00e0 gla\u00e7ure, comportant trois couleurs (vert, brun fonc\u00e9 et ocre jaune). Elles repr\u00e9sentent un dignitaire et une divinit\u00e9 dansante.<br \/>\nFin du XVIIe si\u00e8cle, dynastie Ming<br \/>\nLes socles en bois de fer post\u00e9rieurs.<br \/>\nBon \u00e9tat (un manque et usures).<br \/>\nDimensions : Dignitaire : h.48 cm x l.18,5 cm x p.16,5 cm.<br \/>\nDivinit\u00e9 : h.35 cm x l.30 cm x p.15 cm.<\/p>","protected":false},"excerpt":{"rendered":"<p>Paire de tuiles faiti\u00e8res en terre cuite verniss\u00e9e \u00e0 gla\u00e7ure, [&hellip;]<\/p>","protected":false},"featured_media":3120,"template":"","meta":[],"product_cat":[39,32],"product_tag":[77,158,223,194],"_links":{"self":[{"href":"https:\/\/www.didascalies.art\/en\/wp-json\/wp\/v2\/product\/3118"}],"collection":[{"href":"https:\/\/www.didascalies.art\/en\/wp-json\/wp\/v2\/product"}],"about":[{"href":"https:\/\/www.didascalies.art\/en\/wp-json\/wp\/v2\/types\/product"}],"wp:featuredmedia":[{"embeddable":true,"href":"https:\/\/www.didascalies.art\/en\/wp-json\/wp\/v2\/media\/3120"}],"wp:attachment":[{"href":"https:\/\/www.didascalies.art\/en\/wp-json\/wp\/v2\/media?parent=3118"}],"wp:term":[{"taxonomy":"product_cat","embeddable":true,"href":"https:\/\/www.didascalies.art\/en\/wp-json\/wp\/v2\/product_cat?post=3118"},{"taxonomy":"product_tag","embeddable":true,"href":"https:\/\/www.didascalies.art\/en\/wp-json\/wp\/v2\/product_tag?post=3118"}],"curies":[{"name":"wp","href":"https:\/\/api.w.org\/{rel}","templated":true}]}}