{"id":3132,"date":"2024-05-25T16:20:31","date_gmt":"2024-05-25T14:20:31","guid":{"rendered":"https:\/\/www.didascalies.art\/?post_type=product&#038;p=3132"},"modified":"2024-05-25T16:22:30","modified_gmt":"2024-05-25T14:22:30","slug":"sculptures-bronze","status":"publish","type":"product","link":"https:\/\/www.didascalies.art\/en\/product\/sculptures-bronze\/","title":{"rendered":"Paire de sculptures en bronze, XVIIIe si\u00e8cle"},"content":{"rendered":"<p>Paire de statues en bronze repr\u00e9sentant deux jeunes femmes \u00e0 l&rsquo;antique, l&rsquo;une \u00e0 la coiffure garnie de raisins et tenant une grappe dans la main gauche, l&rsquo;autre versant du vin dans une coupe avec une \u0153nocho\u00e9.\u00a0Epoque Louis XVI, vers 1780.<br \/>\nSocle en marbre.<br \/>\nTr\u00e8s bon \u00e9tat.<br \/>\nDimensions : h.48 cm x p.15 cm.<\/p>","protected":false},"excerpt":{"rendered":"<p>Paire de statues en bronze repr\u00e9sentant deux jeunes femmes \u00e0 [&hellip;]<\/p>","protected":false},"featured_media":3133,"template":"","meta":[],"product_cat":[51,39,31],"product_tag":[70,190],"_links":{"self":[{"href":"https:\/\/www.didascalies.art\/en\/wp-json\/wp\/v2\/product\/3132"}],"collection":[{"href":"https:\/\/www.didascalies.art\/en\/wp-json\/wp\/v2\/product"}],"about":[{"href":"https:\/\/www.didascalies.art\/en\/wp-json\/wp\/v2\/types\/product"}],"wp:featuredmedia":[{"embeddable":true,"href":"https:\/\/www.didascalies.art\/en\/wp-json\/wp\/v2\/media\/3133"}],"wp:attachment":[{"href":"https:\/\/www.didascalies.art\/en\/wp-json\/wp\/v2\/media?parent=3132"}],"wp:term":[{"taxonomy":"product_cat","embeddable":true,"href":"https:\/\/www.didascalies.art\/en\/wp-json\/wp\/v2\/product_cat?post=3132"},{"taxonomy":"product_tag","embeddable":true,"href":"https:\/\/www.didascalies.art\/en\/wp-json\/wp\/v2\/product_tag?post=3132"}],"curies":[{"name":"wp","href":"https:\/\/api.w.org\/{rel}","templated":true}]}}